{"id":3723,"date":"2026-02-19T22:58:51","date_gmt":"2026-02-19T21:58:51","guid":{"rendered":"https:\/\/worldofpaint.fun\/?post_type=product&#038;p=3723"},"modified":"2026-02-19T23:03:19","modified_gmt":"2026-02-19T22:03:19","slug":"formule-decouverte-3h","status":"publish","type":"product","link":"https:\/\/worldofpaint.fun\/index.php\/product\/formule-decouverte-3h\/","title":{"rendered":"Formule d\u00e9couverte 3h"},"content":{"rendered":"<p data-start=\"69\" data-end=\"179\">\ud83c\udfaf <strong data-start=\"72\" data-end=\"101\">Formule D\u00e9couverte \u2013 55 \u20ac<\/strong><br data-start=\"101\" data-end=\"104\" \/>Forfait <strong data-start=\"112\" data-end=\"124\">3 heures<\/strong> pour faire le plein d\u2019action et tester nos activit\u00e9s !<\/p>\n<ul data-start=\"181\" data-end=\"435\">\n<li data-start=\"181\" data-end=\"271\">\n<p data-start=\"183\" data-end=\"271\"><strong data-start=\"183\" data-end=\"207\">1h d\u2019Archery Tag<\/strong> : affrontez vos amis dans un duel d\u2019archers dynamique et fun.<\/p>\n<\/li>\n<li data-start=\"272\" data-end=\"353\">\n<p data-start=\"274\" data-end=\"353\"><strong data-start=\"274\" data-end=\"299\">1h min de Bubble Foot<\/strong> : des fous rires garantis dans des bulles g\u00e9antes !<\/p>\n<\/li>\n<li data-start=\"354\" data-end=\"435\">\n<p data-start=\"356\" data-end=\"435\"><strong data-start=\"356\" data-end=\"376\">1 h de Paintball<\/strong> : terminez en beaut\u00e9 avec une session pleine d\u2019adr\u00e9naline.<\/p>\n<\/li>\n<\/ul>\n<p data-start=\"437\" data-end=\"523\">Une formule parfaite pour s\u2019amuser, se d\u00e9fouler et d\u00e9couvrir nos activit\u00e9s en \u00e9quipe !<\/p>\n","protected":false},"excerpt":{"rendered":"<p>\ud83c\udfaf Formule D\u00e9couverte \u2013 55 \u20acForfait 3 heures pour faire le plein d\u2019action et tester nos activit\u00e9s ! 1h d\u2019Archery Tag : affrontez vos amis dans un duel d\u2019archers dynamique et fun. 1h min de Bubble Foot : des fous rires garantis dans des bulles g\u00e9antes ! 1 h de Paintball : terminez en beaut\u00e9 [&#8230;]\n","protected":false},"featured_media":0,"template":"","meta":[],"product_brand":[],"product_cat":[38],"product_tag":[],"class_list":{"0":"post-3723","1":"product","2":"type-product","3":"status-publish","5":"product_cat-boutique","7":"first","8":"instock","9":"sold-individually","10":"taxable","11":"shipping-taxable","12":"purchasable","13":"product-type-reservation"},"yoast_head":"<!-- This site is optimized with the Yoast SEO plugin v27.4 - https:\/\/yoast.com\/product\/yoast-seo-wordpress\/ -->\n<title>Formule d\u00e9couverte 3h - World of aventure<\/title>\n<meta name=\"description\" content=\"D\u00e9couvrez notre formule D\u00e9couverte : 3h d\u2019activit\u00e9s fun avec Archery Tag, Bubble Foot et 1h de Paintball pour seulement 55 \u20ac. Sensations garanties !\" \/>\n<meta name=\"robots\" content=\"index, follow, max-snippet:-1, max-image-preview:large, max-video-preview:-1\" \/>\n<link rel=\"canonical\" href=\"https:\/\/worldofpaint.fun\/index.php\/product\/formule-decouverte-3h\/\" \/>\n<meta property=\"og:locale\" content=\"fr_FR\" \/>\n<meta property=\"og:type\" content=\"article\" \/>\n<meta property=\"og:title\" content=\"Formule d\u00e9couverte 3h - World of aventure\" \/>\n<meta property=\"og:description\" content=\"D\u00e9couvrez notre formule D\u00e9couverte : 3h d\u2019activit\u00e9s fun avec Archery Tag, Bubble Foot et 1h de Paintball pour seulement 55 \u20ac. Sensations garanties !\" \/>\n<meta property=\"og:url\" content=\"https:\/\/worldofpaint.fun\/index.php\/product\/formule-decouverte-3h\/\" \/>\n<meta property=\"og:site_name\" content=\"World of aventure\" \/>\n<meta property=\"article:publisher\" content=\"https:\/\/www.facebook.com\/profile.php?id=100089567262244\" \/>\n<meta property=\"article:modified_time\" content=\"2026-02-19T22:03:19+00:00\" \/>\n<meta name=\"twitter:card\" content=\"summary_large_image\" \/>\n<meta name=\"twitter:label1\" content=\"Dur\u00e9e de lecture estim\u00e9e\" \/>\n\t<meta name=\"twitter:data1\" content=\"1 minute\" \/>\n<script type=\"application\/ld+json\" class=\"yoast-schema-graph\">{\"@context\":\"https:\\\/\\\/schema.org\",\"@graph\":[{\"@type\":\"WebPage\",\"@id\":\"https:\\\/\\\/worldofpaint.fun\\\/index.php\\\/product\\\/formule-decouverte-3h\\\/\",\"url\":\"https:\\\/\\\/worldofpaint.fun\\\/index.php\\\/product\\\/formule-decouverte-3h\\\/\",\"name\":\"Formule d\u00e9couverte 3h - World of aventure\",\"isPartOf\":{\"@id\":\"https:\\\/\\\/worldofpaint.fun\\\/#website\"},\"datePublished\":\"2026-02-19T21:58:51+00:00\",\"dateModified\":\"2026-02-19T22:03:19+00:00\",\"description\":\"D\u00e9couvrez notre formule D\u00e9couverte : 3h d\u2019activit\u00e9s fun avec Archery Tag, Bubble Foot et 1h de Paintball pour seulement 55 \u20ac. Sensations garanties !\",\"breadcrumb\":{\"@id\":\"https:\\\/\\\/worldofpaint.fun\\\/index.php\\\/product\\\/formule-decouverte-3h\\\/#breadcrumb\"},\"inLanguage\":\"fr-FR\",\"potentialAction\":[{\"@type\":\"ReadAction\",\"target\":[\"https:\\\/\\\/worldofpaint.fun\\\/index.php\\\/product\\\/formule-decouverte-3h\\\/\"]}]},{\"@type\":\"BreadcrumbList\",\"@id\":\"https:\\\/\\\/worldofpaint.fun\\\/index.php\\\/product\\\/formule-decouverte-3h\\\/#breadcrumb\",\"itemListElement\":[{\"@type\":\"ListItem\",\"position\":1,\"name\":\"Accueil\",\"item\":\"https:\\\/\\\/worldofpaint.fun\\\/\"},{\"@type\":\"ListItem\",\"position\":2,\"name\":\"Produits\",\"item\":\"https:\\\/\\\/worldofpaint.fun\\\/index.php\\\/shop\\\/\"},{\"@type\":\"ListItem\",\"position\":3,\"name\":\"Formule d\u00e9couverte 3h\"}]},{\"@type\":\"WebSite\",\"@id\":\"https:\\\/\\\/worldofpaint.fun\\\/#website\",\"url\":\"https:\\\/\\\/worldofpaint.fun\\\/\",\"name\":\"World of aventure\",\"description\":\"\",\"publisher\":{\"@id\":\"https:\\\/\\\/worldofpaint.fun\\\/#organization\"},\"potentialAction\":[{\"@type\":\"SearchAction\",\"target\":{\"@type\":\"EntryPoint\",\"urlTemplate\":\"https:\\\/\\\/worldofpaint.fun\\\/?s={search_term_string}\"},\"query-input\":{\"@type\":\"PropertyValueSpecification\",\"valueRequired\":true,\"valueName\":\"search_term_string\"}}],\"inLanguage\":\"fr-FR\"},{\"@type\":\"Organization\",\"@id\":\"https:\\\/\\\/worldofpaint.fun\\\/#organization\",\"name\":\"World of paintball\",\"url\":\"https:\\\/\\\/worldofpaint.fun\\\/\",\"logo\":{\"@type\":\"ImageObject\",\"inLanguage\":\"fr-FR\",\"@id\":\"https:\\\/\\\/worldofpaint.fun\\\/#\\\/schema\\\/logo\\\/image\\\/\",\"url\":\"https:\\\/\\\/worldofpaint.fun\\\/wp-content\\\/uploads\\\/2023\\\/05\\\/logo-1679993758.png\",\"contentUrl\":\"https:\\\/\\\/worldofpaint.fun\\\/wp-content\\\/uploads\\\/2023\\\/05\\\/logo-1679993758.png\",\"width\":300,\"height\":100,\"caption\":\"World of paintball\"},\"image\":{\"@id\":\"https:\\\/\\\/worldofpaint.fun\\\/#\\\/schema\\\/logo\\\/image\\\/\"},\"sameAs\":[\"https:\\\/\\\/www.facebook.com\\\/profile.php?id=100089567262244\"]}]}<\/script>\n<!-- \/ Yoast SEO plugin. -->","yoast_head_json":{"title":"Formule d\u00e9couverte 3h - World of aventure","description":"D\u00e9couvrez notre formule D\u00e9couverte : 3h d\u2019activit\u00e9s fun avec Archery Tag, Bubble Foot et 1h de Paintball pour seulement 55 \u20ac. Sensations garanties !","robots":{"index":"index","follow":"follow","max-snippet":"max-snippet:-1","max-image-preview":"max-image-preview:large","max-video-preview":"max-video-preview:-1"},"canonical":"https:\/\/worldofpaint.fun\/index.php\/product\/formule-decouverte-3h\/","og_locale":"fr_FR","og_type":"article","og_title":"Formule d\u00e9couverte 3h - World of aventure","og_description":"D\u00e9couvrez notre formule D\u00e9couverte : 3h d\u2019activit\u00e9s fun avec Archery Tag, Bubble Foot et 1h de Paintball pour seulement 55 \u20ac. Sensations garanties !","og_url":"https:\/\/worldofpaint.fun\/index.php\/product\/formule-decouverte-3h\/","og_site_name":"World of aventure","article_publisher":"https:\/\/www.facebook.com\/profile.php?id=100089567262244","article_modified_time":"2026-02-19T22:03:19+00:00","twitter_card":"summary_large_image","twitter_misc":{"Dur\u00e9e de lecture estim\u00e9e":"1 minute"},"schema":{"@context":"https:\/\/schema.org","@graph":[{"@type":"WebPage","@id":"https:\/\/worldofpaint.fun\/index.php\/product\/formule-decouverte-3h\/","url":"https:\/\/worldofpaint.fun\/index.php\/product\/formule-decouverte-3h\/","name":"Formule d\u00e9couverte 3h - World of aventure","isPartOf":{"@id":"https:\/\/worldofpaint.fun\/#website"},"datePublished":"2026-02-19T21:58:51+00:00","dateModified":"2026-02-19T22:03:19+00:00","description":"D\u00e9couvrez notre formule D\u00e9couverte : 3h d\u2019activit\u00e9s fun avec Archery Tag, Bubble Foot et 1h de Paintball pour seulement 55 \u20ac. Sensations garanties !","breadcrumb":{"@id":"https:\/\/worldofpaint.fun\/index.php\/product\/formule-decouverte-3h\/#breadcrumb"},"inLanguage":"fr-FR","potentialAction":[{"@type":"ReadAction","target":["https:\/\/worldofpaint.fun\/index.php\/product\/formule-decouverte-3h\/"]}]},{"@type":"BreadcrumbList","@id":"https:\/\/worldofpaint.fun\/index.php\/product\/formule-decouverte-3h\/#breadcrumb","itemListElement":[{"@type":"ListItem","position":1,"name":"Accueil","item":"https:\/\/worldofpaint.fun\/"},{"@type":"ListItem","position":2,"name":"Produits","item":"https:\/\/worldofpaint.fun\/index.php\/shop\/"},{"@type":"ListItem","position":3,"name":"Formule d\u00e9couverte 3h"}]},{"@type":"WebSite","@id":"https:\/\/worldofpaint.fun\/#website","url":"https:\/\/worldofpaint.fun\/","name":"World of aventure","description":"","publisher":{"@id":"https:\/\/worldofpaint.fun\/#organization"},"potentialAction":[{"@type":"SearchAction","target":{"@type":"EntryPoint","urlTemplate":"https:\/\/worldofpaint.fun\/?s={search_term_string}"},"query-input":{"@type":"PropertyValueSpecification","valueRequired":true,"valueName":"search_term_string"}}],"inLanguage":"fr-FR"},{"@type":"Organization","@id":"https:\/\/worldofpaint.fun\/#organization","name":"World of paintball","url":"https:\/\/worldofpaint.fun\/","logo":{"@type":"ImageObject","inLanguage":"fr-FR","@id":"https:\/\/worldofpaint.fun\/#\/schema\/logo\/image\/","url":"https:\/\/worldofpaint.fun\/wp-content\/uploads\/2023\/05\/logo-1679993758.png","contentUrl":"https:\/\/worldofpaint.fun\/wp-content\/uploads\/2023\/05\/logo-1679993758.png","width":300,"height":100,"caption":"World of paintball"},"image":{"@id":"https:\/\/worldofpaint.fun\/#\/schema\/logo\/image\/"},"sameAs":["https:\/\/www.facebook.com\/profile.php?id=100089567262244"]}]}},"_links":{"self":[{"href":"https:\/\/worldofpaint.fun\/index.php\/wp-json\/wp\/v2\/product\/3723","targetHints":{"allow":["GET"]}}],"collection":[{"href":"https:\/\/worldofpaint.fun\/index.php\/wp-json\/wp\/v2\/product"}],"about":[{"href":"https:\/\/worldofpaint.fun\/index.php\/wp-json\/wp\/v2\/types\/product"}],"wp:attachment":[{"href":"https:\/\/worldofpaint.fun\/index.php\/wp-json\/wp\/v2\/media?parent=3723"}],"wp:term":[{"taxonomy":"product_brand","embeddable":true,"href":"https:\/\/worldofpaint.fun\/index.php\/wp-json\/wp\/v2\/product_brand?post=3723"},{"taxonomy":"product_cat","embeddable":true,"href":"https:\/\/worldofpaint.fun\/index.php\/wp-json\/wp\/v2\/product_cat?post=3723"},{"taxonomy":"product_tag","embeddable":true,"href":"https:\/\/worldofpaint.fun\/index.php\/wp-json\/wp\/v2\/product_tag?post=3723"}],"curies":[{"name":"wp","href":"https:\/\/api.w.org\/{rel}","templated":true}]}}