{"id":319,"date":"2023-05-27T05:43:13","date_gmt":"2023-05-27T04:43:13","guid":{"rendered":"https:\/\/worldofpaint.fun\/?post_type=product&#038;p=319"},"modified":"2025-09-06T21:56:55","modified_gmt":"2025-09-06T19:56:55","slug":"enfant-700","status":"publish","type":"product","link":"https:\/\/worldofpaint.fun\/index.php\/product\/enfant-700\/","title":{"rendered":"Professionnel"},"content":{"rendered":"<p>Professionnel<br \/>\n26\u20ac \/ joueur<br \/>\nPendant environ 2h<br \/>\nmarqueur de paintball m\u00e9canique<br \/>\nmasque de paintball<br \/>\nplastrons<br \/>\n7 billes<br \/>\n<strong><span style=\"color: #ed1c24;\">Nombre de joueurs (4 minimum)<\/span><\/strong><\/p>\n","protected":false},"excerpt":{"rendered":"<p><span style=\"vertical-align: inherit;\"><span style=\"vertical-align: inherit;\">Enfant 800<\/span><\/span><br \/>\n<span style=\"vertical-align: inherit;\"><span style=\"vertical-align: inherit;\">25\u20ac \/ joueur<\/span><\/span><br \/>\n<span style=\"vertical-align: inherit;\"><span style=\"vertical-align: inherit;\">Pendant environ 2h<\/span><\/span><br \/>\n<span style=\"vertical-align: inherit;\"><span style=\"vertical-align: inherit;\">marqueur de paintball m\u00e9canique<\/span><\/span><br \/>\n<span style=\"vertical-align: inherit;\"><span style=\"vertical-align: inherit;\">masque de paintball<\/span><\/span><br \/>\n<span style=\"vertical-align: inherit;\"><span style=\"vertical-align: inherit;\">plastons<\/span><\/span><br \/>\n<span style=\"vertical-align: inherit;\"><span style=\"vertical-align: inherit;\">800 billes<\/span><\/span><br \/>\n<strong><span style=\"color: #ed1c24;\"><span style=\"vertical-align: inherit;\"><span style=\"vertical-align: inherit;\">Nombre de joueurs (4 minimum)<\/span><\/span><\/span><\/strong><\/p>\n","protected":false},"featured_media":1493,"template":"","meta":[],"product_brand":[],"product_cat":[40],"product_tag":[],"class_list":{"0":"post-319","1":"product","2":"type-product","3":"status-publish","4":"has-post-thumbnail","6":"product_cat-reservation","8":"first","9":"instock","10":"virtual","11":"sold-individually","12":"taxable","13":"purchasable","14":"product-type-reservation"},"yoast_head":"<!-- This site is optimized with the Yoast SEO plugin v27.4 - https:\/\/yoast.com\/product\/yoast-seo-wordpress\/ -->\n<title>Professionnel - World of aventure<\/title>\n<meta name=\"description\" content=\"D\u00e9couvrez notre forfait enfant paintball sp\u00e9cialement con\u00e7u pour offrir une aventure excitante aux plus jeunes joueurs chez WORLD OF PAINTBALL\" \/>\n<meta name=\"robots\" content=\"index, follow, max-snippet:-1, max-image-preview:large, max-video-preview:-1\" \/>\n<link rel=\"canonical\" href=\"https:\/\/worldofpaint.fun\/index.php\/product\/enfant-700\/\" \/>\n<meta property=\"og:locale\" content=\"fr_FR\" \/>\n<meta property=\"og:type\" content=\"article\" \/>\n<meta property=\"og:title\" content=\"Professionnel - World of aventure\" \/>\n<meta property=\"og:description\" content=\"D\u00e9couvrez notre forfait enfant paintball sp\u00e9cialement con\u00e7u pour offrir une aventure excitante aux plus jeunes joueurs chez WORLD OF PAINTBALL\" \/>\n<meta property=\"og:url\" content=\"https:\/\/worldofpaint.fun\/index.php\/product\/enfant-700\/\" \/>\n<meta property=\"og:site_name\" content=\"World of aventure\" \/>\n<meta property=\"article:publisher\" content=\"https:\/\/www.facebook.com\/profile.php?id=100089567262244\" \/>\n<meta property=\"article:modified_time\" content=\"2025-09-06T19:56:55+00:00\" \/>\n<meta property=\"og:image\" content=\"https:\/\/worldofpaint.fun\/wp-content\/uploads\/2024\/03\/OIG2.jpeg\" \/>\n\t<meta property=\"og:image:width\" content=\"1024\" \/>\n\t<meta property=\"og:image:height\" content=\"1024\" \/>\n\t<meta property=\"og:image:type\" content=\"image\/jpeg\" \/>\n<meta name=\"twitter:card\" content=\"summary_large_image\" \/>\n<meta name=\"twitter:label1\" content=\"Dur\u00e9e de lecture estim\u00e9e\" \/>\n\t<meta name=\"twitter:data1\" content=\"1 minute\" \/>\n<script type=\"application\/ld+json\" class=\"yoast-schema-graph\">{\"@context\":\"https:\\\/\\\/schema.org\",\"@graph\":[{\"@type\":\"WebPage\",\"@id\":\"https:\\\/\\\/worldofpaint.fun\\\/index.php\\\/product\\\/enfant-700\\\/\",\"url\":\"https:\\\/\\\/worldofpaint.fun\\\/index.php\\\/product\\\/enfant-700\\\/\",\"name\":\"Professionnel - World of aventure\",\"isPartOf\":{\"@id\":\"https:\\\/\\\/worldofpaint.fun\\\/#website\"},\"primaryImageOfPage\":{\"@id\":\"https:\\\/\\\/worldofpaint.fun\\\/index.php\\\/product\\\/enfant-700\\\/#primaryimage\"},\"image\":{\"@id\":\"https:\\\/\\\/worldofpaint.fun\\\/index.php\\\/product\\\/enfant-700\\\/#primaryimage\"},\"thumbnailUrl\":\"https:\\\/\\\/i0.wp.com\\\/worldofpaint.fun\\\/wp-content\\\/uploads\\\/2024\\\/03\\\/OIG2.jpeg?fit=1024%2C1024&ssl=1\",\"datePublished\":\"2023-05-27T04:43:13+00:00\",\"dateModified\":\"2025-09-06T19:56:55+00:00\",\"description\":\"D\u00e9couvrez notre forfait enfant paintball sp\u00e9cialement con\u00e7u pour offrir une aventure excitante aux plus jeunes joueurs chez WORLD OF PAINTBALL\",\"breadcrumb\":{\"@id\":\"https:\\\/\\\/worldofpaint.fun\\\/index.php\\\/product\\\/enfant-700\\\/#breadcrumb\"},\"inLanguage\":\"fr-FR\",\"potentialAction\":[{\"@type\":\"ReadAction\",\"target\":[\"https:\\\/\\\/worldofpaint.fun\\\/index.php\\\/product\\\/enfant-700\\\/\"]}]},{\"@type\":\"ImageObject\",\"inLanguage\":\"fr-FR\",\"@id\":\"https:\\\/\\\/worldofpaint.fun\\\/index.php\\\/product\\\/enfant-700\\\/#primaryimage\",\"url\":\"https:\\\/\\\/i0.wp.com\\\/worldofpaint.fun\\\/wp-content\\\/uploads\\\/2024\\\/03\\\/OIG2.jpeg?fit=1024%2C1024&ssl=1\",\"contentUrl\":\"https:\\\/\\\/i0.wp.com\\\/worldofpaint.fun\\\/wp-content\\\/uploads\\\/2024\\\/03\\\/OIG2.jpeg?fit=1024%2C1024&ssl=1\",\"width\":1024,\"height\":1024},{\"@type\":\"BreadcrumbList\",\"@id\":\"https:\\\/\\\/worldofpaint.fun\\\/index.php\\\/product\\\/enfant-700\\\/#breadcrumb\",\"itemListElement\":[{\"@type\":\"ListItem\",\"position\":1,\"name\":\"Accueil\",\"item\":\"https:\\\/\\\/worldofpaint.fun\\\/\"},{\"@type\":\"ListItem\",\"position\":2,\"name\":\"Produits\",\"item\":\"https:\\\/\\\/worldofpaint.fun\\\/index.php\\\/shop\\\/\"},{\"@type\":\"ListItem\",\"position\":3,\"name\":\"Professionnel\"}]},{\"@type\":\"WebSite\",\"@id\":\"https:\\\/\\\/worldofpaint.fun\\\/#website\",\"url\":\"https:\\\/\\\/worldofpaint.fun\\\/\",\"name\":\"World of aventure\",\"description\":\"\",\"publisher\":{\"@id\":\"https:\\\/\\\/worldofpaint.fun\\\/#organization\"},\"potentialAction\":[{\"@type\":\"SearchAction\",\"target\":{\"@type\":\"EntryPoint\",\"urlTemplate\":\"https:\\\/\\\/worldofpaint.fun\\\/?s={search_term_string}\"},\"query-input\":{\"@type\":\"PropertyValueSpecification\",\"valueRequired\":true,\"valueName\":\"search_term_string\"}}],\"inLanguage\":\"fr-FR\"},{\"@type\":\"Organization\",\"@id\":\"https:\\\/\\\/worldofpaint.fun\\\/#organization\",\"name\":\"World of paintball\",\"url\":\"https:\\\/\\\/worldofpaint.fun\\\/\",\"logo\":{\"@type\":\"ImageObject\",\"inLanguage\":\"fr-FR\",\"@id\":\"https:\\\/\\\/worldofpaint.fun\\\/#\\\/schema\\\/logo\\\/image\\\/\",\"url\":\"https:\\\/\\\/worldofpaint.fun\\\/wp-content\\\/uploads\\\/2023\\\/05\\\/logo-1679993758.png\",\"contentUrl\":\"https:\\\/\\\/worldofpaint.fun\\\/wp-content\\\/uploads\\\/2023\\\/05\\\/logo-1679993758.png\",\"width\":300,\"height\":100,\"caption\":\"World of paintball\"},\"image\":{\"@id\":\"https:\\\/\\\/worldofpaint.fun\\\/#\\\/schema\\\/logo\\\/image\\\/\"},\"sameAs\":[\"https:\\\/\\\/www.facebook.com\\\/profile.php?id=100089567262244\"]}]}<\/script>\n<!-- \/ Yoast SEO plugin. -->","yoast_head_json":{"title":"Professionnel - World of aventure","description":"D\u00e9couvrez notre forfait enfant paintball sp\u00e9cialement con\u00e7u pour offrir une aventure excitante aux plus jeunes joueurs chez WORLD OF PAINTBALL","robots":{"index":"index","follow":"follow","max-snippet":"max-snippet:-1","max-image-preview":"max-image-preview:large","max-video-preview":"max-video-preview:-1"},"canonical":"https:\/\/worldofpaint.fun\/index.php\/product\/enfant-700\/","og_locale":"fr_FR","og_type":"article","og_title":"Professionnel - World of aventure","og_description":"D\u00e9couvrez notre forfait enfant paintball sp\u00e9cialement con\u00e7u pour offrir une aventure excitante aux plus jeunes joueurs chez WORLD OF PAINTBALL","og_url":"https:\/\/worldofpaint.fun\/index.php\/product\/enfant-700\/","og_site_name":"World of aventure","article_publisher":"https:\/\/www.facebook.com\/profile.php?id=100089567262244","article_modified_time":"2025-09-06T19:56:55+00:00","og_image":[{"width":1024,"height":1024,"url":"https:\/\/worldofpaint.fun\/wp-content\/uploads\/2024\/03\/OIG2.jpeg","type":"image\/jpeg"}],"twitter_card":"summary_large_image","twitter_misc":{"Dur\u00e9e de lecture estim\u00e9e":"1 minute"},"schema":{"@context":"https:\/\/schema.org","@graph":[{"@type":"WebPage","@id":"https:\/\/worldofpaint.fun\/index.php\/product\/enfant-700\/","url":"https:\/\/worldofpaint.fun\/index.php\/product\/enfant-700\/","name":"Professionnel - World of aventure","isPartOf":{"@id":"https:\/\/worldofpaint.fun\/#website"},"primaryImageOfPage":{"@id":"https:\/\/worldofpaint.fun\/index.php\/product\/enfant-700\/#primaryimage"},"image":{"@id":"https:\/\/worldofpaint.fun\/index.php\/product\/enfant-700\/#primaryimage"},"thumbnailUrl":"https:\/\/i0.wp.com\/worldofpaint.fun\/wp-content\/uploads\/2024\/03\/OIG2.jpeg?fit=1024%2C1024&ssl=1","datePublished":"2023-05-27T04:43:13+00:00","dateModified":"2025-09-06T19:56:55+00:00","description":"D\u00e9couvrez notre forfait enfant paintball sp\u00e9cialement con\u00e7u pour offrir une aventure excitante aux plus jeunes joueurs chez WORLD OF PAINTBALL","breadcrumb":{"@id":"https:\/\/worldofpaint.fun\/index.php\/product\/enfant-700\/#breadcrumb"},"inLanguage":"fr-FR","potentialAction":[{"@type":"ReadAction","target":["https:\/\/worldofpaint.fun\/index.php\/product\/enfant-700\/"]}]},{"@type":"ImageObject","inLanguage":"fr-FR","@id":"https:\/\/worldofpaint.fun\/index.php\/product\/enfant-700\/#primaryimage","url":"https:\/\/i0.wp.com\/worldofpaint.fun\/wp-content\/uploads\/2024\/03\/OIG2.jpeg?fit=1024%2C1024&ssl=1","contentUrl":"https:\/\/i0.wp.com\/worldofpaint.fun\/wp-content\/uploads\/2024\/03\/OIG2.jpeg?fit=1024%2C1024&ssl=1","width":1024,"height":1024},{"@type":"BreadcrumbList","@id":"https:\/\/worldofpaint.fun\/index.php\/product\/enfant-700\/#breadcrumb","itemListElement":[{"@type":"ListItem","position":1,"name":"Accueil","item":"https:\/\/worldofpaint.fun\/"},{"@type":"ListItem","position":2,"name":"Produits","item":"https:\/\/worldofpaint.fun\/index.php\/shop\/"},{"@type":"ListItem","position":3,"name":"Professionnel"}]},{"@type":"WebSite","@id":"https:\/\/worldofpaint.fun\/#website","url":"https:\/\/worldofpaint.fun\/","name":"World of aventure","description":"","publisher":{"@id":"https:\/\/worldofpaint.fun\/#organization"},"potentialAction":[{"@type":"SearchAction","target":{"@type":"EntryPoint","urlTemplate":"https:\/\/worldofpaint.fun\/?s={search_term_string}"},"query-input":{"@type":"PropertyValueSpecification","valueRequired":true,"valueName":"search_term_string"}}],"inLanguage":"fr-FR"},{"@type":"Organization","@id":"https:\/\/worldofpaint.fun\/#organization","name":"World of paintball","url":"https:\/\/worldofpaint.fun\/","logo":{"@type":"ImageObject","inLanguage":"fr-FR","@id":"https:\/\/worldofpaint.fun\/#\/schema\/logo\/image\/","url":"https:\/\/worldofpaint.fun\/wp-content\/uploads\/2023\/05\/logo-1679993758.png","contentUrl":"https:\/\/worldofpaint.fun\/wp-content\/uploads\/2023\/05\/logo-1679993758.png","width":300,"height":100,"caption":"World of paintball"},"image":{"@id":"https:\/\/worldofpaint.fun\/#\/schema\/logo\/image\/"},"sameAs":["https:\/\/www.facebook.com\/profile.php?id=100089567262244"]}]}},"_links":{"self":[{"href":"https:\/\/worldofpaint.fun\/index.php\/wp-json\/wp\/v2\/product\/319","targetHints":{"allow":["GET"]}}],"collection":[{"href":"https:\/\/worldofpaint.fun\/index.php\/wp-json\/wp\/v2\/product"}],"about":[{"href":"https:\/\/worldofpaint.fun\/index.php\/wp-json\/wp\/v2\/types\/product"}],"wp:featuredmedia":[{"embeddable":true,"href":"https:\/\/worldofpaint.fun\/index.php\/wp-json\/wp\/v2\/media\/1493"}],"wp:attachment":[{"href":"https:\/\/worldofpaint.fun\/index.php\/wp-json\/wp\/v2\/media?parent=319"}],"wp:term":[{"taxonomy":"product_brand","embeddable":true,"href":"https:\/\/worldofpaint.fun\/index.php\/wp-json\/wp\/v2\/product_brand?post=319"},{"taxonomy":"product_cat","embeddable":true,"href":"https:\/\/worldofpaint.fun\/index.php\/wp-json\/wp\/v2\/product_cat?post=319"},{"taxonomy":"product_tag","embeddable":true,"href":"https:\/\/worldofpaint.fun\/index.php\/wp-json\/wp\/v2\/product_tag?post=319"}],"curies":[{"name":"wp","href":"https:\/\/api.w.org\/{rel}","templated":true}]}}