{"id":3058,"date":"2025-09-18T12:07:02","date_gmt":"2025-09-18T10:07:02","guid":{"rendered":"https:\/\/worldofpaint.fun\/?post_type=product&#038;p=3058"},"modified":"2025-09-18T12:42:24","modified_gmt":"2025-09-18T10:42:24","slug":"30-min","status":"publish","type":"product","link":"https:\/\/worldofpaint.fun\/index.php\/product\/30-min\/","title":{"rendered":"30 min"},"content":{"rendered":"<p>6 \u20ac \/ joueurs<br \/>\nDur\u00e9e 30 min<br \/>\nMarqueur \u00e9lectronique<br \/>\nLunette de paintball<br \/>\n<strong><span style=\"color: #ed1c24;\">Nombre de joueurs (4 minimum)<\/span><\/strong><\/p>\n","protected":false},"excerpt":{"rendered":"<p>Ourson<br \/>\n6 \u20ac \/ joueurs<br \/>\nDur\u00e9e 30 min<br \/>\nMarqueur \u00e9lectronique<br \/>\nLunette de paintball<br \/>\n2000 billes<br \/>\n<strong><span style=\"color: #ed1c24;\">Nombre de joueurs (4 minimum)<\/span><\/strong><\/p>\n","protected":false},"featured_media":1780,"template":"","meta":[],"product_brand":[],"product_cat":[40],"product_tag":[],"class_list":{"0":"post-3058","1":"product","2":"type-product","3":"status-publish","4":"has-post-thumbnail","6":"product_cat-reservation","8":"first","9":"instock","10":"virtual","11":"sold-individually","12":"taxable","13":"purchasable","14":"product-type-reservation"},"yoast_head":"<!-- This site is optimized with the Yoast SEO plugin v27.4 - https:\/\/yoast.com\/product\/yoast-seo-wordpress\/ -->\n<title>30 min - World of aventure<\/title>\n<meta name=\"description\" content=\"D\u00e9couvrez le monde excitant du paintball chez World of Paintball. Offrez \u00e0 votre enfant une exp\u00e9rience m\u00e9morable avec notre forfait gel blaster ourson\" \/>\n<meta name=\"robots\" content=\"index, follow, max-snippet:-1, max-image-preview:large, max-video-preview:-1\" \/>\n<link rel=\"canonical\" href=\"https:\/\/worldofpaint.fun\/index.php\/product\/30-min\/\" \/>\n<meta property=\"og:locale\" content=\"fr_FR\" \/>\n<meta property=\"og:type\" content=\"article\" \/>\n<meta property=\"og:title\" content=\"30 min - World of aventure\" \/>\n<meta property=\"og:description\" content=\"D\u00e9couvrez le monde excitant du paintball chez World of Paintball. Offrez \u00e0 votre enfant une exp\u00e9rience m\u00e9morable avec notre forfait gel blaster ourson\" \/>\n<meta property=\"og:url\" content=\"https:\/\/worldofpaint.fun\/index.php\/product\/30-min\/\" \/>\n<meta property=\"og:site_name\" content=\"World of aventure\" \/>\n<meta property=\"article:publisher\" content=\"https:\/\/www.facebook.com\/profile.php?id=100089567262244\" \/>\n<meta property=\"article:modified_time\" content=\"2025-09-18T10:42:24+00:00\" \/>\n<meta property=\"og:image\" content=\"https:\/\/worldofpaint.fun\/wp-content\/uploads\/2023\/05\/68281ec1-e0b6-473f-ae12-f47358489c35.jpeg\" \/>\n\t<meta property=\"og:image:width\" content=\"1024\" \/>\n\t<meta property=\"og:image:height\" content=\"1024\" \/>\n\t<meta property=\"og:image:type\" content=\"image\/jpeg\" \/>\n<meta name=\"twitter:card\" content=\"summary_large_image\" \/>\n<meta name=\"twitter:label1\" content=\"Dur\u00e9e de lecture estim\u00e9e\" \/>\n\t<meta name=\"twitter:data1\" content=\"1 minute\" \/>\n<script type=\"application\/ld+json\" class=\"yoast-schema-graph\">{\"@context\":\"https:\\\/\\\/schema.org\",\"@graph\":[{\"@type\":\"WebPage\",\"@id\":\"https:\\\/\\\/worldofpaint.fun\\\/index.php\\\/product\\\/30-min\\\/\",\"url\":\"https:\\\/\\\/worldofpaint.fun\\\/index.php\\\/product\\\/30-min\\\/\",\"name\":\"30 min - World of aventure\",\"isPartOf\":{\"@id\":\"https:\\\/\\\/worldofpaint.fun\\\/#website\"},\"primaryImageOfPage\":{\"@id\":\"https:\\\/\\\/worldofpaint.fun\\\/index.php\\\/product\\\/30-min\\\/#primaryimage\"},\"image\":{\"@id\":\"https:\\\/\\\/worldofpaint.fun\\\/index.php\\\/product\\\/30-min\\\/#primaryimage\"},\"thumbnailUrl\":\"https:\\\/\\\/i0.wp.com\\\/worldofpaint.fun\\\/wp-content\\\/uploads\\\/2023\\\/05\\\/68281ec1-e0b6-473f-ae12-f47358489c35.jpeg?fit=1024%2C1024&ssl=1\",\"datePublished\":\"2025-09-18T10:07:02+00:00\",\"dateModified\":\"2025-09-18T10:42:24+00:00\",\"description\":\"D\u00e9couvrez le monde excitant du paintball chez World of Paintball. Offrez \u00e0 votre enfant une exp\u00e9rience m\u00e9morable avec notre forfait gel blaster ourson\",\"breadcrumb\":{\"@id\":\"https:\\\/\\\/worldofpaint.fun\\\/index.php\\\/product\\\/30-min\\\/#breadcrumb\"},\"inLanguage\":\"fr-FR\",\"potentialAction\":[{\"@type\":\"ReadAction\",\"target\":[\"https:\\\/\\\/worldofpaint.fun\\\/index.php\\\/product\\\/30-min\\\/\"]}]},{\"@type\":\"ImageObject\",\"inLanguage\":\"fr-FR\",\"@id\":\"https:\\\/\\\/worldofpaint.fun\\\/index.php\\\/product\\\/30-min\\\/#primaryimage\",\"url\":\"https:\\\/\\\/i0.wp.com\\\/worldofpaint.fun\\\/wp-content\\\/uploads\\\/2023\\\/05\\\/68281ec1-e0b6-473f-ae12-f47358489c35.jpeg?fit=1024%2C1024&ssl=1\",\"contentUrl\":\"https:\\\/\\\/i0.wp.com\\\/worldofpaint.fun\\\/wp-content\\\/uploads\\\/2023\\\/05\\\/68281ec1-e0b6-473f-ae12-f47358489c35.jpeg?fit=1024%2C1024&ssl=1\",\"width\":1024,\"height\":1024},{\"@type\":\"BreadcrumbList\",\"@id\":\"https:\\\/\\\/worldofpaint.fun\\\/index.php\\\/product\\\/30-min\\\/#breadcrumb\",\"itemListElement\":[{\"@type\":\"ListItem\",\"position\":1,\"name\":\"Accueil\",\"item\":\"https:\\\/\\\/worldofpaint.fun\\\/\"},{\"@type\":\"ListItem\",\"position\":2,\"name\":\"Produits\",\"item\":\"https:\\\/\\\/worldofpaint.fun\\\/index.php\\\/shop\\\/\"},{\"@type\":\"ListItem\",\"position\":3,\"name\":\"30 min\"}]},{\"@type\":\"WebSite\",\"@id\":\"https:\\\/\\\/worldofpaint.fun\\\/#website\",\"url\":\"https:\\\/\\\/worldofpaint.fun\\\/\",\"name\":\"World of aventure\",\"description\":\"\",\"publisher\":{\"@id\":\"https:\\\/\\\/worldofpaint.fun\\\/#organization\"},\"potentialAction\":[{\"@type\":\"SearchAction\",\"target\":{\"@type\":\"EntryPoint\",\"urlTemplate\":\"https:\\\/\\\/worldofpaint.fun\\\/?s={search_term_string}\"},\"query-input\":{\"@type\":\"PropertyValueSpecification\",\"valueRequired\":true,\"valueName\":\"search_term_string\"}}],\"inLanguage\":\"fr-FR\"},{\"@type\":\"Organization\",\"@id\":\"https:\\\/\\\/worldofpaint.fun\\\/#organization\",\"name\":\"World of paintball\",\"url\":\"https:\\\/\\\/worldofpaint.fun\\\/\",\"logo\":{\"@type\":\"ImageObject\",\"inLanguage\":\"fr-FR\",\"@id\":\"https:\\\/\\\/worldofpaint.fun\\\/#\\\/schema\\\/logo\\\/image\\\/\",\"url\":\"https:\\\/\\\/worldofpaint.fun\\\/wp-content\\\/uploads\\\/2023\\\/05\\\/logo-1679993758.png\",\"contentUrl\":\"https:\\\/\\\/worldofpaint.fun\\\/wp-content\\\/uploads\\\/2023\\\/05\\\/logo-1679993758.png\",\"width\":300,\"height\":100,\"caption\":\"World of paintball\"},\"image\":{\"@id\":\"https:\\\/\\\/worldofpaint.fun\\\/#\\\/schema\\\/logo\\\/image\\\/\"},\"sameAs\":[\"https:\\\/\\\/www.facebook.com\\\/profile.php?id=100089567262244\"]}]}<\/script>\n<!-- \/ Yoast SEO plugin. -->","yoast_head_json":{"title":"30 min - World of aventure","description":"D\u00e9couvrez le monde excitant du paintball chez World of Paintball. Offrez \u00e0 votre enfant une exp\u00e9rience m\u00e9morable avec notre forfait gel blaster ourson","robots":{"index":"index","follow":"follow","max-snippet":"max-snippet:-1","max-image-preview":"max-image-preview:large","max-video-preview":"max-video-preview:-1"},"canonical":"https:\/\/worldofpaint.fun\/index.php\/product\/30-min\/","og_locale":"fr_FR","og_type":"article","og_title":"30 min - World of aventure","og_description":"D\u00e9couvrez le monde excitant du paintball chez World of Paintball. Offrez \u00e0 votre enfant une exp\u00e9rience m\u00e9morable avec notre forfait gel blaster ourson","og_url":"https:\/\/worldofpaint.fun\/index.php\/product\/30-min\/","og_site_name":"World of aventure","article_publisher":"https:\/\/www.facebook.com\/profile.php?id=100089567262244","article_modified_time":"2025-09-18T10:42:24+00:00","og_image":[{"width":1024,"height":1024,"url":"https:\/\/worldofpaint.fun\/wp-content\/uploads\/2023\/05\/68281ec1-e0b6-473f-ae12-f47358489c35.jpeg","type":"image\/jpeg"}],"twitter_card":"summary_large_image","twitter_misc":{"Dur\u00e9e de lecture estim\u00e9e":"1 minute"},"schema":{"@context":"https:\/\/schema.org","@graph":[{"@type":"WebPage","@id":"https:\/\/worldofpaint.fun\/index.php\/product\/30-min\/","url":"https:\/\/worldofpaint.fun\/index.php\/product\/30-min\/","name":"30 min - World of aventure","isPartOf":{"@id":"https:\/\/worldofpaint.fun\/#website"},"primaryImageOfPage":{"@id":"https:\/\/worldofpaint.fun\/index.php\/product\/30-min\/#primaryimage"},"image":{"@id":"https:\/\/worldofpaint.fun\/index.php\/product\/30-min\/#primaryimage"},"thumbnailUrl":"https:\/\/i0.wp.com\/worldofpaint.fun\/wp-content\/uploads\/2023\/05\/68281ec1-e0b6-473f-ae12-f47358489c35.jpeg?fit=1024%2C1024&ssl=1","datePublished":"2025-09-18T10:07:02+00:00","dateModified":"2025-09-18T10:42:24+00:00","description":"D\u00e9couvrez le monde excitant du paintball chez World of Paintball. Offrez \u00e0 votre enfant une exp\u00e9rience m\u00e9morable avec notre forfait gel blaster ourson","breadcrumb":{"@id":"https:\/\/worldofpaint.fun\/index.php\/product\/30-min\/#breadcrumb"},"inLanguage":"fr-FR","potentialAction":[{"@type":"ReadAction","target":["https:\/\/worldofpaint.fun\/index.php\/product\/30-min\/"]}]},{"@type":"ImageObject","inLanguage":"fr-FR","@id":"https:\/\/worldofpaint.fun\/index.php\/product\/30-min\/#primaryimage","url":"https:\/\/i0.wp.com\/worldofpaint.fun\/wp-content\/uploads\/2023\/05\/68281ec1-e0b6-473f-ae12-f47358489c35.jpeg?fit=1024%2C1024&ssl=1","contentUrl":"https:\/\/i0.wp.com\/worldofpaint.fun\/wp-content\/uploads\/2023\/05\/68281ec1-e0b6-473f-ae12-f47358489c35.jpeg?fit=1024%2C1024&ssl=1","width":1024,"height":1024},{"@type":"BreadcrumbList","@id":"https:\/\/worldofpaint.fun\/index.php\/product\/30-min\/#breadcrumb","itemListElement":[{"@type":"ListItem","position":1,"name":"Accueil","item":"https:\/\/worldofpaint.fun\/"},{"@type":"ListItem","position":2,"name":"Produits","item":"https:\/\/worldofpaint.fun\/index.php\/shop\/"},{"@type":"ListItem","position":3,"name":"30 min"}]},{"@type":"WebSite","@id":"https:\/\/worldofpaint.fun\/#website","url":"https:\/\/worldofpaint.fun\/","name":"World of aventure","description":"","publisher":{"@id":"https:\/\/worldofpaint.fun\/#organization"},"potentialAction":[{"@type":"SearchAction","target":{"@type":"EntryPoint","urlTemplate":"https:\/\/worldofpaint.fun\/?s={search_term_string}"},"query-input":{"@type":"PropertyValueSpecification","valueRequired":true,"valueName":"search_term_string"}}],"inLanguage":"fr-FR"},{"@type":"Organization","@id":"https:\/\/worldofpaint.fun\/#organization","name":"World of paintball","url":"https:\/\/worldofpaint.fun\/","logo":{"@type":"ImageObject","inLanguage":"fr-FR","@id":"https:\/\/worldofpaint.fun\/#\/schema\/logo\/image\/","url":"https:\/\/worldofpaint.fun\/wp-content\/uploads\/2023\/05\/logo-1679993758.png","contentUrl":"https:\/\/worldofpaint.fun\/wp-content\/uploads\/2023\/05\/logo-1679993758.png","width":300,"height":100,"caption":"World of paintball"},"image":{"@id":"https:\/\/worldofpaint.fun\/#\/schema\/logo\/image\/"},"sameAs":["https:\/\/www.facebook.com\/profile.php?id=100089567262244"]}]}},"_links":{"self":[{"href":"https:\/\/worldofpaint.fun\/index.php\/wp-json\/wp\/v2\/product\/3058","targetHints":{"allow":["GET"]}}],"collection":[{"href":"https:\/\/worldofpaint.fun\/index.php\/wp-json\/wp\/v2\/product"}],"about":[{"href":"https:\/\/worldofpaint.fun\/index.php\/wp-json\/wp\/v2\/types\/product"}],"wp:featuredmedia":[{"embeddable":true,"href":"https:\/\/worldofpaint.fun\/index.php\/wp-json\/wp\/v2\/media\/1780"}],"wp:attachment":[{"href":"https:\/\/worldofpaint.fun\/index.php\/wp-json\/wp\/v2\/media?parent=3058"}],"wp:term":[{"taxonomy":"product_brand","embeddable":true,"href":"https:\/\/worldofpaint.fun\/index.php\/wp-json\/wp\/v2\/product_brand?post=3058"},{"taxonomy":"product_cat","embeddable":true,"href":"https:\/\/worldofpaint.fun\/index.php\/wp-json\/wp\/v2\/product_cat?post=3058"},{"taxonomy":"product_tag","embeddable":true,"href":"https:\/\/worldofpaint.fun\/index.php\/wp-json\/wp\/v2\/product_tag?post=3058"}],"curies":[{"name":"wp","href":"https:\/\/api.w.org\/{rel}","templated":true}]}}