{"id":2870,"date":"2025-07-21T13:38:50","date_gmt":"2025-07-21T11:38:50","guid":{"rendered":"https:\/\/worldofpaint.fun\/?post_type=product&#038;p=2870"},"modified":"2025-07-21T21:18:10","modified_gmt":"2025-07-21T19:18:10","slug":"elite","status":"publish","type":"product","link":"https:\/\/worldofpaint.fun\/index.php\/product\/elite\/","title":{"rendered":"Elite archer"},"content":{"rendered":"<p data-start=\"131\" data-end=\"301\">Envie de vivre une exp\u00e9rience intense et m\u00e9morable ? Optez pour notre <strong data-start=\"201\" data-end=\"229\">forfait Archery Tag \u2013 2h<\/strong> et plongez dans un v\u00e9ritable tournoi de strat\u00e9gie, d\u2019action et de fun !<\/p>\n<p data-start=\"303\" data-end=\"594\">Pendant 2 heures, encha\u00eenez les parties et les sc\u00e9narios vari\u00e9s : matchs \u00e0 \u00e9limination, capture de drapeau, roi de la colline\u2026 Le tout encadr\u00e9 par nos animateurs pour un maximum de dynamisme et de s\u00e9curit\u00e9. Une activit\u00e9 id\u00e9ale pour les groupes qui veulent se d\u00e9fouler et s\u2019amuser longtemps !<\/p>\n<p data-start=\"596\" data-end=\"842\"><strong data-start=\"596\" data-end=\"621\">Le forfait comprend :<\/strong><br data-start=\"621\" data-end=\"624\" \/>\u2714 Briefing s\u00e9curit\u00e9 &amp; initiation au tir<br data-start=\"663\" data-end=\"666\" \/>\u2714 2 heures de jeu anim\u00e9es (avec pauses et variantes)<br data-start=\"718\" data-end=\"721\" \/>\u2714 \u00c9quipement complet fourni (arc, fl\u00e8ches en mousse, masque, plastron)<br data-start=\"791\" data-end=\"794\" \/>\u2714 Animateur encadrant les parties et les \u00e9quipes<\/p>\n<p data-start=\"844\" data-end=\"988\"><strong data-start=\"844\" data-end=\"862\">Parfait pour :<\/strong><br data-start=\"862\" data-end=\"865\" \/>\u2022 Team building longue dur\u00e9e<br data-start=\"893\" data-end=\"896\" \/>\u2022 EVG \/ EVJF<br data-start=\"908\" data-end=\"911\" \/>\u2022 Sortie d&rsquo;entreprise<br data-start=\"932\" data-end=\"935\" \/>\u2022 Grands groupes, \u00e9v\u00e9nements ou comp\u00e9titions amicales<\/p>\n<p data-start=\"990\" data-end=\"1068\"><strong data-start=\"990\" data-end=\"1007\">\u00c2ge minimum :<\/strong> 10 ans<br data-start=\"1014\" data-end=\"1017\" \/><strong data-start=\"1017\" data-end=\"1051\">Nombre de joueurs recommand\u00e9 :<\/strong> 8 \u00e0 20 personnes<\/p>\n<p data-start=\"1070\" data-end=\"1183\">\ud83d\udc49 Offrez-vous 2 heures de fun non-stop avec cette activit\u00e9 unique qui allie sport, strat\u00e9gie et rires garantis !<\/p>\n","protected":false},"excerpt":{"rendered":"<p>Envie de vivre une exp\u00e9rience intense et m\u00e9morable ? Optez pour notre forfait Archery Tag \u2013 2h et plongez dans un v\u00e9ritable tournoi de strat\u00e9gie, d\u2019action et de fun ! Pendant 2 heures, encha\u00eenez les parties et les sc\u00e9narios vari\u00e9s : matchs \u00e0 \u00e9limination, capture de drapeau, roi de la colline\u2026 Le tout encadr\u00e9 par [&#8230;]\n","protected":false},"featured_media":2845,"template":"","meta":[],"product_brand":[],"product_cat":[38],"product_tag":[],"class_list":{"0":"post-2870","1":"product","2":"type-product","3":"status-publish","4":"has-post-thumbnail","6":"product_cat-boutique","8":"first","9":"instock","10":"sold-individually","11":"taxable","12":"shipping-taxable","13":"purchasable","14":"product-type-reservation"},"yoast_head":"<!-- This site is optimized with the Yoast SEO plugin v27.4 - https:\/\/yoast.com\/product\/yoast-seo-wordpress\/ -->\n<title>Elite archer - World of aventure<\/title>\n<meta name=\"robots\" content=\"index, follow, max-snippet:-1, max-image-preview:large, max-video-preview:-1\" \/>\n<link rel=\"canonical\" href=\"https:\/\/worldofpaint.fun\/index.php\/product\/elite\/\" \/>\n<meta property=\"og:locale\" content=\"fr_FR\" \/>\n<meta property=\"og:type\" content=\"article\" \/>\n<meta property=\"og:title\" content=\"Elite archer - World of aventure\" \/>\n<meta property=\"og:description\" content=\"Envie de vivre une exp\u00e9rience intense et m\u00e9morable ? Optez pour notre forfait Archery Tag \u2013 2h et plongez dans un v\u00e9ritable tournoi de strat\u00e9gie, d\u2019action et de fun ! Pendant 2 heures, encha\u00eenez les parties et les sc\u00e9narios vari\u00e9s : matchs \u00e0 \u00e9limination, capture de drapeau, roi de la colline\u2026 Le tout encadr\u00e9 par [...]\" \/>\n<meta property=\"og:url\" content=\"https:\/\/worldofpaint.fun\/index.php\/product\/elite\/\" \/>\n<meta property=\"og:site_name\" content=\"World of aventure\" \/>\n<meta property=\"article:publisher\" content=\"https:\/\/www.facebook.com\/profile.php?id=100089567262244\" \/>\n<meta property=\"article:modified_time\" content=\"2025-07-21T19:18:10+00:00\" \/>\n<meta property=\"og:image\" content=\"https:\/\/worldofpaint.fun\/wp-content\/uploads\/2025\/07\/Gemini_Generated_Image_sqm0xsqm0xsqm0xs-1024x1024.png\" \/>\n\t<meta property=\"og:image:width\" content=\"1024\" \/>\n\t<meta property=\"og:image:height\" content=\"1024\" \/>\n\t<meta property=\"og:image:type\" content=\"image\/png\" \/>\n<meta name=\"twitter:card\" content=\"summary_large_image\" \/>\n<meta name=\"twitter:label1\" content=\"Dur\u00e9e de lecture estim\u00e9e\" \/>\n\t<meta name=\"twitter:data1\" content=\"2 minutes\" \/>\n<script type=\"application\/ld+json\" class=\"yoast-schema-graph\">{\"@context\":\"https:\\\/\\\/schema.org\",\"@graph\":[{\"@type\":\"WebPage\",\"@id\":\"https:\\\/\\\/worldofpaint.fun\\\/index.php\\\/product\\\/elite\\\/\",\"url\":\"https:\\\/\\\/worldofpaint.fun\\\/index.php\\\/product\\\/elite\\\/\",\"name\":\"Elite archer - World of aventure\",\"isPartOf\":{\"@id\":\"https:\\\/\\\/worldofpaint.fun\\\/#website\"},\"primaryImageOfPage\":{\"@id\":\"https:\\\/\\\/worldofpaint.fun\\\/index.php\\\/product\\\/elite\\\/#primaryimage\"},\"image\":{\"@id\":\"https:\\\/\\\/worldofpaint.fun\\\/index.php\\\/product\\\/elite\\\/#primaryimage\"},\"thumbnailUrl\":\"https:\\\/\\\/i0.wp.com\\\/worldofpaint.fun\\\/wp-content\\\/uploads\\\/2025\\\/07\\\/Gemini_Generated_Image_sqm0xsqm0xsqm0xs.png?fit=2048%2C2048&ssl=1\",\"datePublished\":\"2025-07-21T11:38:50+00:00\",\"dateModified\":\"2025-07-21T19:18:10+00:00\",\"breadcrumb\":{\"@id\":\"https:\\\/\\\/worldofpaint.fun\\\/index.php\\\/product\\\/elite\\\/#breadcrumb\"},\"inLanguage\":\"fr-FR\",\"potentialAction\":[{\"@type\":\"ReadAction\",\"target\":[\"https:\\\/\\\/worldofpaint.fun\\\/index.php\\\/product\\\/elite\\\/\"]}]},{\"@type\":\"ImageObject\",\"inLanguage\":\"fr-FR\",\"@id\":\"https:\\\/\\\/worldofpaint.fun\\\/index.php\\\/product\\\/elite\\\/#primaryimage\",\"url\":\"https:\\\/\\\/i0.wp.com\\\/worldofpaint.fun\\\/wp-content\\\/uploads\\\/2025\\\/07\\\/Gemini_Generated_Image_sqm0xsqm0xsqm0xs.png?fit=2048%2C2048&ssl=1\",\"contentUrl\":\"https:\\\/\\\/i0.wp.com\\\/worldofpaint.fun\\\/wp-content\\\/uploads\\\/2025\\\/07\\\/Gemini_Generated_Image_sqm0xsqm0xsqm0xs.png?fit=2048%2C2048&ssl=1\",\"width\":2048,\"height\":2048},{\"@type\":\"BreadcrumbList\",\"@id\":\"https:\\\/\\\/worldofpaint.fun\\\/index.php\\\/product\\\/elite\\\/#breadcrumb\",\"itemListElement\":[{\"@type\":\"ListItem\",\"position\":1,\"name\":\"Accueil\",\"item\":\"https:\\\/\\\/worldofpaint.fun\\\/\"},{\"@type\":\"ListItem\",\"position\":2,\"name\":\"Produits\",\"item\":\"https:\\\/\\\/worldofpaint.fun\\\/index.php\\\/shop\\\/\"},{\"@type\":\"ListItem\",\"position\":3,\"name\":\"Elite archer\"}]},{\"@type\":\"WebSite\",\"@id\":\"https:\\\/\\\/worldofpaint.fun\\\/#website\",\"url\":\"https:\\\/\\\/worldofpaint.fun\\\/\",\"name\":\"World of aventure\",\"description\":\"\",\"publisher\":{\"@id\":\"https:\\\/\\\/worldofpaint.fun\\\/#organization\"},\"potentialAction\":[{\"@type\":\"SearchAction\",\"target\":{\"@type\":\"EntryPoint\",\"urlTemplate\":\"https:\\\/\\\/worldofpaint.fun\\\/?s={search_term_string}\"},\"query-input\":{\"@type\":\"PropertyValueSpecification\",\"valueRequired\":true,\"valueName\":\"search_term_string\"}}],\"inLanguage\":\"fr-FR\"},{\"@type\":\"Organization\",\"@id\":\"https:\\\/\\\/worldofpaint.fun\\\/#organization\",\"name\":\"World of paintball\",\"url\":\"https:\\\/\\\/worldofpaint.fun\\\/\",\"logo\":{\"@type\":\"ImageObject\",\"inLanguage\":\"fr-FR\",\"@id\":\"https:\\\/\\\/worldofpaint.fun\\\/#\\\/schema\\\/logo\\\/image\\\/\",\"url\":\"https:\\\/\\\/worldofpaint.fun\\\/wp-content\\\/uploads\\\/2023\\\/05\\\/logo-1679993758.png\",\"contentUrl\":\"https:\\\/\\\/worldofpaint.fun\\\/wp-content\\\/uploads\\\/2023\\\/05\\\/logo-1679993758.png\",\"width\":300,\"height\":100,\"caption\":\"World of paintball\"},\"image\":{\"@id\":\"https:\\\/\\\/worldofpaint.fun\\\/#\\\/schema\\\/logo\\\/image\\\/\"},\"sameAs\":[\"https:\\\/\\\/www.facebook.com\\\/profile.php?id=100089567262244\"]}]}<\/script>\n<!-- \/ Yoast SEO plugin. -->","yoast_head_json":{"title":"Elite archer - World of aventure","robots":{"index":"index","follow":"follow","max-snippet":"max-snippet:-1","max-image-preview":"max-image-preview:large","max-video-preview":"max-video-preview:-1"},"canonical":"https:\/\/worldofpaint.fun\/index.php\/product\/elite\/","og_locale":"fr_FR","og_type":"article","og_title":"Elite archer - World of aventure","og_description":"Envie de vivre une exp\u00e9rience intense et m\u00e9morable ? Optez pour notre forfait Archery Tag \u2013 2h et plongez dans un v\u00e9ritable tournoi de strat\u00e9gie, d\u2019action et de fun ! Pendant 2 heures, encha\u00eenez les parties et les sc\u00e9narios vari\u00e9s : matchs \u00e0 \u00e9limination, capture de drapeau, roi de la colline\u2026 Le tout encadr\u00e9 par [...]","og_url":"https:\/\/worldofpaint.fun\/index.php\/product\/elite\/","og_site_name":"World of aventure","article_publisher":"https:\/\/www.facebook.com\/profile.php?id=100089567262244","article_modified_time":"2025-07-21T19:18:10+00:00","og_image":[{"width":1024,"height":1024,"url":"https:\/\/worldofpaint.fun\/wp-content\/uploads\/2025\/07\/Gemini_Generated_Image_sqm0xsqm0xsqm0xs-1024x1024.png","type":"image\/png"}],"twitter_card":"summary_large_image","twitter_misc":{"Dur\u00e9e de lecture estim\u00e9e":"2 minutes"},"schema":{"@context":"https:\/\/schema.org","@graph":[{"@type":"WebPage","@id":"https:\/\/worldofpaint.fun\/index.php\/product\/elite\/","url":"https:\/\/worldofpaint.fun\/index.php\/product\/elite\/","name":"Elite archer - World of aventure","isPartOf":{"@id":"https:\/\/worldofpaint.fun\/#website"},"primaryImageOfPage":{"@id":"https:\/\/worldofpaint.fun\/index.php\/product\/elite\/#primaryimage"},"image":{"@id":"https:\/\/worldofpaint.fun\/index.php\/product\/elite\/#primaryimage"},"thumbnailUrl":"https:\/\/i0.wp.com\/worldofpaint.fun\/wp-content\/uploads\/2025\/07\/Gemini_Generated_Image_sqm0xsqm0xsqm0xs.png?fit=2048%2C2048&ssl=1","datePublished":"2025-07-21T11:38:50+00:00","dateModified":"2025-07-21T19:18:10+00:00","breadcrumb":{"@id":"https:\/\/worldofpaint.fun\/index.php\/product\/elite\/#breadcrumb"},"inLanguage":"fr-FR","potentialAction":[{"@type":"ReadAction","target":["https:\/\/worldofpaint.fun\/index.php\/product\/elite\/"]}]},{"@type":"ImageObject","inLanguage":"fr-FR","@id":"https:\/\/worldofpaint.fun\/index.php\/product\/elite\/#primaryimage","url":"https:\/\/i0.wp.com\/worldofpaint.fun\/wp-content\/uploads\/2025\/07\/Gemini_Generated_Image_sqm0xsqm0xsqm0xs.png?fit=2048%2C2048&ssl=1","contentUrl":"https:\/\/i0.wp.com\/worldofpaint.fun\/wp-content\/uploads\/2025\/07\/Gemini_Generated_Image_sqm0xsqm0xsqm0xs.png?fit=2048%2C2048&ssl=1","width":2048,"height":2048},{"@type":"BreadcrumbList","@id":"https:\/\/worldofpaint.fun\/index.php\/product\/elite\/#breadcrumb","itemListElement":[{"@type":"ListItem","position":1,"name":"Accueil","item":"https:\/\/worldofpaint.fun\/"},{"@type":"ListItem","position":2,"name":"Produits","item":"https:\/\/worldofpaint.fun\/index.php\/shop\/"},{"@type":"ListItem","position":3,"name":"Elite archer"}]},{"@type":"WebSite","@id":"https:\/\/worldofpaint.fun\/#website","url":"https:\/\/worldofpaint.fun\/","name":"World of aventure","description":"","publisher":{"@id":"https:\/\/worldofpaint.fun\/#organization"},"potentialAction":[{"@type":"SearchAction","target":{"@type":"EntryPoint","urlTemplate":"https:\/\/worldofpaint.fun\/?s={search_term_string}"},"query-input":{"@type":"PropertyValueSpecification","valueRequired":true,"valueName":"search_term_string"}}],"inLanguage":"fr-FR"},{"@type":"Organization","@id":"https:\/\/worldofpaint.fun\/#organization","name":"World of paintball","url":"https:\/\/worldofpaint.fun\/","logo":{"@type":"ImageObject","inLanguage":"fr-FR","@id":"https:\/\/worldofpaint.fun\/#\/schema\/logo\/image\/","url":"https:\/\/worldofpaint.fun\/wp-content\/uploads\/2023\/05\/logo-1679993758.png","contentUrl":"https:\/\/worldofpaint.fun\/wp-content\/uploads\/2023\/05\/logo-1679993758.png","width":300,"height":100,"caption":"World of paintball"},"image":{"@id":"https:\/\/worldofpaint.fun\/#\/schema\/logo\/image\/"},"sameAs":["https:\/\/www.facebook.com\/profile.php?id=100089567262244"]}]}},"_links":{"self":[{"href":"https:\/\/worldofpaint.fun\/index.php\/wp-json\/wp\/v2\/product\/2870","targetHints":{"allow":["GET"]}}],"collection":[{"href":"https:\/\/worldofpaint.fun\/index.php\/wp-json\/wp\/v2\/product"}],"about":[{"href":"https:\/\/worldofpaint.fun\/index.php\/wp-json\/wp\/v2\/types\/product"}],"wp:featuredmedia":[{"embeddable":true,"href":"https:\/\/worldofpaint.fun\/index.php\/wp-json\/wp\/v2\/media\/2845"}],"wp:attachment":[{"href":"https:\/\/worldofpaint.fun\/index.php\/wp-json\/wp\/v2\/media?parent=2870"}],"wp:term":[{"taxonomy":"product_brand","embeddable":true,"href":"https:\/\/worldofpaint.fun\/index.php\/wp-json\/wp\/v2\/product_brand?post=2870"},{"taxonomy":"product_cat","embeddable":true,"href":"https:\/\/worldofpaint.fun\/index.php\/wp-json\/wp\/v2\/product_cat?post=2870"},{"taxonomy":"product_tag","embeddable":true,"href":"https:\/\/worldofpaint.fun\/index.php\/wp-json\/wp\/v2\/product_tag?post=2870"}],"curies":[{"name":"wp","href":"https:\/\/api.w.org\/{rel}","templated":true}]}}