{"id":2869,"date":"2025-07-21T13:35:19","date_gmt":"2025-07-21T11:35:19","guid":{"rendered":"https:\/\/worldofpaint.fun\/?post_type=product&#038;p=2869"},"modified":"2025-07-21T21:16:20","modified_gmt":"2025-07-21T19:16:20","slug":"combat-zone","status":"publish","type":"product","link":"https:\/\/worldofpaint.fun\/index.php\/product\/combat-zone\/","title":{"rendered":"Combat zone"},"content":{"rendered":"<p data-start=\"133\" data-end=\"348\">Pr\u00e9parez-vous \u00e0 une heure de pure adr\u00e9naline avec notre <strong data-start=\"189\" data-end=\"217\">forfait Archery Tag \u2013 1h<\/strong> ! Combinez la strat\u00e9gie du tir \u00e0 l\u2019arc avec l\u2019intensit\u00e9 du paintball, le tout sans douleur gr\u00e2ce \u00e0 des fl\u00e8ches \u00e0 embout en mousse.<\/p>\n<p data-start=\"350\" data-end=\"588\">Formez vos \u00e9quipes, visez, esquivez, et partez \u00e0 l\u2019assaut dans un jeu fun, dynamique et 100 % s\u00e9curis\u00e9. Apr\u00e8s un briefing et une initiation rapide, place au combat ! Tirs pr\u00e9cis, strat\u00e9gie d\u2019\u00e9quipe et \u00e9clats de rire seront au rendez-vous.<\/p>\n<p data-start=\"590\" data-end=\"755\"><strong data-start=\"590\" data-end=\"613\">Ce qui est inclus :<\/strong><br data-start=\"613\" data-end=\"616\" \/>\u2714 Briefing s\u00e9curit\u00e9 &amp; initiation<br data-start=\"648\" data-end=\"651\" \/>\u2714 1h de jeu sur terrain encadr\u00e9<br data-start=\"682\" data-end=\"685\" \/>\u2714 \u00c9quipement complet fourni (arc, fl\u00e8ches en mousse, masque, plastron)<\/p>\n<p data-start=\"757\" data-end=\"863\"><strong data-start=\"757\" data-end=\"775\">Parfait pour :<\/strong><br data-start=\"775\" data-end=\"778\" \/>\u2022 Anniversaires<br data-start=\"793\" data-end=\"796\" \/>\u2022 Team building<br data-start=\"811\" data-end=\"814\" \/>\u2022 EVG \/ EVJF<br data-start=\"826\" data-end=\"829\" \/>\u2022 Sorties entre amis ou en famille<\/p>\n<p data-start=\"865\" data-end=\"943\"><strong data-start=\"865\" data-end=\"882\">\u00c2ge minimum :<\/strong> 10 ans<br data-start=\"889\" data-end=\"892\" \/><strong data-start=\"892\" data-end=\"926\">Nombre de joueurs recommand\u00e9 :<\/strong> 6 \u00e0 12 personnes<\/p>\n<p data-start=\"945\" data-end=\"1068\">\ud83d\udc49 Une activit\u00e9 sportive, ludique et originale \u00e0 vivre sans mod\u00e9ration. R\u00e9servez d\u00e8s maintenant votre session Archery Tag !<\/p>\n","protected":false},"excerpt":{"rendered":"<p>Pr\u00e9parez-vous \u00e0 une heure de pure adr\u00e9naline avec notre forfait Archery Tag \u2013 1h ! Combinez la strat\u00e9gie du tir \u00e0 l\u2019arc avec l\u2019intensit\u00e9 du paintball, le tout sans douleur gr\u00e2ce \u00e0 des fl\u00e8ches \u00e0 embout en mousse. Formez vos \u00e9quipes, visez, esquivez, et partez \u00e0 l\u2019assaut dans un jeu fun, dynamique et 100 % [&#8230;]\n","protected":false},"featured_media":2840,"template":"","meta":[],"product_brand":[],"product_cat":[38],"product_tag":[],"class_list":{"0":"post-2869","1":"product","2":"type-product","3":"status-publish","4":"has-post-thumbnail","6":"product_cat-boutique","8":"first","9":"instock","10":"sold-individually","11":"taxable","12":"shipping-taxable","13":"purchasable","14":"product-type-reservation"},"yoast_head":"<!-- This site is optimized with the Yoast SEO plugin v27.4 - https:\/\/yoast.com\/product\/yoast-seo-wordpress\/ -->\n<title>Combat zone - World of aventure<\/title>\n<meta name=\"robots\" content=\"index, follow, max-snippet:-1, max-image-preview:large, max-video-preview:-1\" \/>\n<link rel=\"canonical\" href=\"https:\/\/worldofpaint.fun\/index.php\/product\/combat-zone\/\" \/>\n<meta property=\"og:locale\" content=\"fr_FR\" \/>\n<meta property=\"og:type\" content=\"article\" \/>\n<meta property=\"og:title\" content=\"Combat zone - World of aventure\" \/>\n<meta property=\"og:description\" content=\"Pr\u00e9parez-vous \u00e0 une heure de pure adr\u00e9naline avec notre forfait Archery Tag \u2013 1h ! Combinez la strat\u00e9gie du tir \u00e0 l\u2019arc avec l\u2019intensit\u00e9 du paintball, le tout sans douleur gr\u00e2ce \u00e0 des fl\u00e8ches \u00e0 embout en mousse. Formez vos \u00e9quipes, visez, esquivez, et partez \u00e0 l\u2019assaut dans un jeu fun, dynamique et 100 % [...]\" \/>\n<meta property=\"og:url\" content=\"https:\/\/worldofpaint.fun\/index.php\/product\/combat-zone\/\" \/>\n<meta property=\"og:site_name\" content=\"World of aventure\" \/>\n<meta property=\"article:publisher\" content=\"https:\/\/www.facebook.com\/profile.php?id=100089567262244\" \/>\n<meta property=\"article:modified_time\" content=\"2025-07-21T19:16:20+00:00\" \/>\n<meta property=\"og:image\" content=\"https:\/\/worldofpaint.fun\/wp-content\/uploads\/2025\/07\/Gemini_Generated_Image_flw8dwflw8dwflw8-1024x1024.png\" \/>\n\t<meta property=\"og:image:width\" content=\"1024\" \/>\n\t<meta property=\"og:image:height\" content=\"1024\" \/>\n\t<meta property=\"og:image:type\" content=\"image\/png\" \/>\n<meta name=\"twitter:card\" content=\"summary_large_image\" \/>\n<meta name=\"twitter:label1\" content=\"Dur\u00e9e de lecture estim\u00e9e\" \/>\n\t<meta name=\"twitter:data1\" content=\"1 minute\" \/>\n<script type=\"application\/ld+json\" class=\"yoast-schema-graph\">{\"@context\":\"https:\\\/\\\/schema.org\",\"@graph\":[{\"@type\":\"WebPage\",\"@id\":\"https:\\\/\\\/worldofpaint.fun\\\/index.php\\\/product\\\/combat-zone\\\/\",\"url\":\"https:\\\/\\\/worldofpaint.fun\\\/index.php\\\/product\\\/combat-zone\\\/\",\"name\":\"Combat zone - World of aventure\",\"isPartOf\":{\"@id\":\"https:\\\/\\\/worldofpaint.fun\\\/#website\"},\"primaryImageOfPage\":{\"@id\":\"https:\\\/\\\/worldofpaint.fun\\\/index.php\\\/product\\\/combat-zone\\\/#primaryimage\"},\"image\":{\"@id\":\"https:\\\/\\\/worldofpaint.fun\\\/index.php\\\/product\\\/combat-zone\\\/#primaryimage\"},\"thumbnailUrl\":\"https:\\\/\\\/i0.wp.com\\\/worldofpaint.fun\\\/wp-content\\\/uploads\\\/2025\\\/07\\\/Gemini_Generated_Image_flw8dwflw8dwflw8.png?fit=2048%2C2048&ssl=1\",\"datePublished\":\"2025-07-21T11:35:19+00:00\",\"dateModified\":\"2025-07-21T19:16:20+00:00\",\"breadcrumb\":{\"@id\":\"https:\\\/\\\/worldofpaint.fun\\\/index.php\\\/product\\\/combat-zone\\\/#breadcrumb\"},\"inLanguage\":\"fr-FR\",\"potentialAction\":[{\"@type\":\"ReadAction\",\"target\":[\"https:\\\/\\\/worldofpaint.fun\\\/index.php\\\/product\\\/combat-zone\\\/\"]}]},{\"@type\":\"ImageObject\",\"inLanguage\":\"fr-FR\",\"@id\":\"https:\\\/\\\/worldofpaint.fun\\\/index.php\\\/product\\\/combat-zone\\\/#primaryimage\",\"url\":\"https:\\\/\\\/i0.wp.com\\\/worldofpaint.fun\\\/wp-content\\\/uploads\\\/2025\\\/07\\\/Gemini_Generated_Image_flw8dwflw8dwflw8.png?fit=2048%2C2048&ssl=1\",\"contentUrl\":\"https:\\\/\\\/i0.wp.com\\\/worldofpaint.fun\\\/wp-content\\\/uploads\\\/2025\\\/07\\\/Gemini_Generated_Image_flw8dwflw8dwflw8.png?fit=2048%2C2048&ssl=1\",\"width\":2048,\"height\":2048},{\"@type\":\"BreadcrumbList\",\"@id\":\"https:\\\/\\\/worldofpaint.fun\\\/index.php\\\/product\\\/combat-zone\\\/#breadcrumb\",\"itemListElement\":[{\"@type\":\"ListItem\",\"position\":1,\"name\":\"Accueil\",\"item\":\"https:\\\/\\\/worldofpaint.fun\\\/\"},{\"@type\":\"ListItem\",\"position\":2,\"name\":\"Produits\",\"item\":\"https:\\\/\\\/worldofpaint.fun\\\/index.php\\\/shop\\\/\"},{\"@type\":\"ListItem\",\"position\":3,\"name\":\"Combat zone\"}]},{\"@type\":\"WebSite\",\"@id\":\"https:\\\/\\\/worldofpaint.fun\\\/#website\",\"url\":\"https:\\\/\\\/worldofpaint.fun\\\/\",\"name\":\"World of aventure\",\"description\":\"\",\"publisher\":{\"@id\":\"https:\\\/\\\/worldofpaint.fun\\\/#organization\"},\"potentialAction\":[{\"@type\":\"SearchAction\",\"target\":{\"@type\":\"EntryPoint\",\"urlTemplate\":\"https:\\\/\\\/worldofpaint.fun\\\/?s={search_term_string}\"},\"query-input\":{\"@type\":\"PropertyValueSpecification\",\"valueRequired\":true,\"valueName\":\"search_term_string\"}}],\"inLanguage\":\"fr-FR\"},{\"@type\":\"Organization\",\"@id\":\"https:\\\/\\\/worldofpaint.fun\\\/#organization\",\"name\":\"World of paintball\",\"url\":\"https:\\\/\\\/worldofpaint.fun\\\/\",\"logo\":{\"@type\":\"ImageObject\",\"inLanguage\":\"fr-FR\",\"@id\":\"https:\\\/\\\/worldofpaint.fun\\\/#\\\/schema\\\/logo\\\/image\\\/\",\"url\":\"https:\\\/\\\/worldofpaint.fun\\\/wp-content\\\/uploads\\\/2023\\\/05\\\/logo-1679993758.png\",\"contentUrl\":\"https:\\\/\\\/worldofpaint.fun\\\/wp-content\\\/uploads\\\/2023\\\/05\\\/logo-1679993758.png\",\"width\":300,\"height\":100,\"caption\":\"World of paintball\"},\"image\":{\"@id\":\"https:\\\/\\\/worldofpaint.fun\\\/#\\\/schema\\\/logo\\\/image\\\/\"},\"sameAs\":[\"https:\\\/\\\/www.facebook.com\\\/profile.php?id=100089567262244\"]}]}<\/script>\n<!-- \/ Yoast SEO plugin. -->","yoast_head_json":{"title":"Combat zone - World of aventure","robots":{"index":"index","follow":"follow","max-snippet":"max-snippet:-1","max-image-preview":"max-image-preview:large","max-video-preview":"max-video-preview:-1"},"canonical":"https:\/\/worldofpaint.fun\/index.php\/product\/combat-zone\/","og_locale":"fr_FR","og_type":"article","og_title":"Combat zone - World of aventure","og_description":"Pr\u00e9parez-vous \u00e0 une heure de pure adr\u00e9naline avec notre forfait Archery Tag \u2013 1h ! Combinez la strat\u00e9gie du tir \u00e0 l\u2019arc avec l\u2019intensit\u00e9 du paintball, le tout sans douleur gr\u00e2ce \u00e0 des fl\u00e8ches \u00e0 embout en mousse. Formez vos \u00e9quipes, visez, esquivez, et partez \u00e0 l\u2019assaut dans un jeu fun, dynamique et 100 % [...]","og_url":"https:\/\/worldofpaint.fun\/index.php\/product\/combat-zone\/","og_site_name":"World of aventure","article_publisher":"https:\/\/www.facebook.com\/profile.php?id=100089567262244","article_modified_time":"2025-07-21T19:16:20+00:00","og_image":[{"width":1024,"height":1024,"url":"https:\/\/worldofpaint.fun\/wp-content\/uploads\/2025\/07\/Gemini_Generated_Image_flw8dwflw8dwflw8-1024x1024.png","type":"image\/png"}],"twitter_card":"summary_large_image","twitter_misc":{"Dur\u00e9e de lecture estim\u00e9e":"1 minute"},"schema":{"@context":"https:\/\/schema.org","@graph":[{"@type":"WebPage","@id":"https:\/\/worldofpaint.fun\/index.php\/product\/combat-zone\/","url":"https:\/\/worldofpaint.fun\/index.php\/product\/combat-zone\/","name":"Combat zone - World of aventure","isPartOf":{"@id":"https:\/\/worldofpaint.fun\/#website"},"primaryImageOfPage":{"@id":"https:\/\/worldofpaint.fun\/index.php\/product\/combat-zone\/#primaryimage"},"image":{"@id":"https:\/\/worldofpaint.fun\/index.php\/product\/combat-zone\/#primaryimage"},"thumbnailUrl":"https:\/\/i0.wp.com\/worldofpaint.fun\/wp-content\/uploads\/2025\/07\/Gemini_Generated_Image_flw8dwflw8dwflw8.png?fit=2048%2C2048&ssl=1","datePublished":"2025-07-21T11:35:19+00:00","dateModified":"2025-07-21T19:16:20+00:00","breadcrumb":{"@id":"https:\/\/worldofpaint.fun\/index.php\/product\/combat-zone\/#breadcrumb"},"inLanguage":"fr-FR","potentialAction":[{"@type":"ReadAction","target":["https:\/\/worldofpaint.fun\/index.php\/product\/combat-zone\/"]}]},{"@type":"ImageObject","inLanguage":"fr-FR","@id":"https:\/\/worldofpaint.fun\/index.php\/product\/combat-zone\/#primaryimage","url":"https:\/\/i0.wp.com\/worldofpaint.fun\/wp-content\/uploads\/2025\/07\/Gemini_Generated_Image_flw8dwflw8dwflw8.png?fit=2048%2C2048&ssl=1","contentUrl":"https:\/\/i0.wp.com\/worldofpaint.fun\/wp-content\/uploads\/2025\/07\/Gemini_Generated_Image_flw8dwflw8dwflw8.png?fit=2048%2C2048&ssl=1","width":2048,"height":2048},{"@type":"BreadcrumbList","@id":"https:\/\/worldofpaint.fun\/index.php\/product\/combat-zone\/#breadcrumb","itemListElement":[{"@type":"ListItem","position":1,"name":"Accueil","item":"https:\/\/worldofpaint.fun\/"},{"@type":"ListItem","position":2,"name":"Produits","item":"https:\/\/worldofpaint.fun\/index.php\/shop\/"},{"@type":"ListItem","position":3,"name":"Combat zone"}]},{"@type":"WebSite","@id":"https:\/\/worldofpaint.fun\/#website","url":"https:\/\/worldofpaint.fun\/","name":"World of aventure","description":"","publisher":{"@id":"https:\/\/worldofpaint.fun\/#organization"},"potentialAction":[{"@type":"SearchAction","target":{"@type":"EntryPoint","urlTemplate":"https:\/\/worldofpaint.fun\/?s={search_term_string}"},"query-input":{"@type":"PropertyValueSpecification","valueRequired":true,"valueName":"search_term_string"}}],"inLanguage":"fr-FR"},{"@type":"Organization","@id":"https:\/\/worldofpaint.fun\/#organization","name":"World of paintball","url":"https:\/\/worldofpaint.fun\/","logo":{"@type":"ImageObject","inLanguage":"fr-FR","@id":"https:\/\/worldofpaint.fun\/#\/schema\/logo\/image\/","url":"https:\/\/worldofpaint.fun\/wp-content\/uploads\/2023\/05\/logo-1679993758.png","contentUrl":"https:\/\/worldofpaint.fun\/wp-content\/uploads\/2023\/05\/logo-1679993758.png","width":300,"height":100,"caption":"World of paintball"},"image":{"@id":"https:\/\/worldofpaint.fun\/#\/schema\/logo\/image\/"},"sameAs":["https:\/\/www.facebook.com\/profile.php?id=100089567262244"]}]}},"_links":{"self":[{"href":"https:\/\/worldofpaint.fun\/index.php\/wp-json\/wp\/v2\/product\/2869","targetHints":{"allow":["GET"]}}],"collection":[{"href":"https:\/\/worldofpaint.fun\/index.php\/wp-json\/wp\/v2\/product"}],"about":[{"href":"https:\/\/worldofpaint.fun\/index.php\/wp-json\/wp\/v2\/types\/product"}],"wp:featuredmedia":[{"embeddable":true,"href":"https:\/\/worldofpaint.fun\/index.php\/wp-json\/wp\/v2\/media\/2840"}],"wp:attachment":[{"href":"https:\/\/worldofpaint.fun\/index.php\/wp-json\/wp\/v2\/media?parent=2869"}],"wp:term":[{"taxonomy":"product_brand","embeddable":true,"href":"https:\/\/worldofpaint.fun\/index.php\/wp-json\/wp\/v2\/product_brand?post=2869"},{"taxonomy":"product_cat","embeddable":true,"href":"https:\/\/worldofpaint.fun\/index.php\/wp-json\/wp\/v2\/product_cat?post=2869"},{"taxonomy":"product_tag","embeddable":true,"href":"https:\/\/worldofpaint.fun\/index.php\/wp-json\/wp\/v2\/product_tag?post=2869"}],"curies":[{"name":"wp","href":"https:\/\/api.w.org\/{rel}","templated":true}]}}