{"id":2865,"date":"2025-07-20T21:19:07","date_gmt":"2025-07-20T19:19:07","guid":{"rendered":"https:\/\/worldofpaint.fun\/?post_type=product&#038;p=2865"},"modified":"2025-07-21T21:14:23","modified_gmt":"2025-07-21T19:14:23","slug":"coup-dessai","status":"publish","type":"product","link":"https:\/\/worldofpaint.fun\/index.php\/product\/coup-dessai\/","title":{"rendered":"Coup d&rsquo;essai"},"content":{"rendered":"<p data-start=\"138\" data-end=\"360\">Plongez dans l&rsquo;action avec notre <strong data-start=\"171\" data-end=\"208\">forfait Archery Tag de 30 minutes<\/strong> ! M\u00e9lange explosif entre le tir \u00e0 l\u2019arc, le paintball et le dodgeball, cette activit\u00e9 fun et accessible promet des sensations fortes en toute s\u00e9curit\u00e9.<\/p>\n<p data-start=\"362\" data-end=\"617\">\u00c9quip\u00e9 d\u2019un arc, de fl\u00e8ches \u00e0 embout en mousse, d\u2019un masque de protection et de votre esprit d\u2019\u00e9quipe, affrontez vos amis dans des sc\u00e9narios palpitants sur un terrain am\u00e9nag\u00e9. Que vous soyez d\u00e9butant ou expert, fous rires et mont\u00e9e d\u2019adr\u00e9naline garantis !<\/p>\n<p data-start=\"619\" data-end=\"774\"><strong data-start=\"619\" data-end=\"631\">Inclus :<\/strong><br data-start=\"631\" data-end=\"634\" \/>\u2714 Briefing s\u00e9curit\u00e9 &amp; initiation au tir \u00e0 l\u2019arc<br data-start=\"681\" data-end=\"684\" \/>\u2714 30 minutes de jeu encadr\u00e9<br data-start=\"711\" data-end=\"714\" \/>\u2714 \u00c9quipement complet fourni (arc, fl\u00e8ches, masque, plastron)<\/p>\n<p data-start=\"776\" data-end=\"878\"><strong data-start=\"776\" data-end=\"792\">Id\u00e9al pour :<\/strong><br data-start=\"792\" data-end=\"795\" \/>\u2022 Anniversaires<br data-start=\"810\" data-end=\"813\" \/>\u2022 Team building<br data-start=\"828\" data-end=\"831\" \/>\u2022 EVG\/EVJF<br data-start=\"841\" data-end=\"844\" \/>\u2022 Sorties entre amis ou en famille<\/p>\n<p data-start=\"880\" data-end=\"958\"><strong data-start=\"880\" data-end=\"897\">\u00c2ge minimum :<\/strong> 10 ans<br data-start=\"904\" data-end=\"907\" \/><strong data-start=\"907\" data-end=\"941\">Nombre de joueurs recommand\u00e9 :<\/strong> 6 \u00e0 12 personnes<\/p>\n<p data-start=\"960\" data-end=\"1042\">\ud83d\udc49 R\u00e9servez maintenant et venez vivre une exp\u00e9rience originale, fun et dynamique !<\/p>\n","protected":false},"excerpt":{"rendered":"<p>Plongez dans l&rsquo;action avec notre forfait Archery Tag de 30 minutes ! M\u00e9lange explosif entre le tir \u00e0 l\u2019arc, le paintball et le dodgeball, cette activit\u00e9 fun et accessible promet des sensations fortes en toute s\u00e9curit\u00e9. \u00c9quip\u00e9 d\u2019un arc, de fl\u00e8ches \u00e0 embout en mousse, d\u2019un masque de protection et de votre esprit d\u2019\u00e9quipe, affrontez [&#8230;]\n","protected":false},"featured_media":2844,"template":"","meta":[],"product_brand":[],"product_cat":[38],"product_tag":[],"class_list":{"0":"post-2865","1":"product","2":"type-product","3":"status-publish","4":"has-post-thumbnail","6":"product_cat-boutique","8":"first","9":"instock","10":"virtual","11":"sold-individually","12":"taxable","13":"purchasable","14":"product-type-reservation"},"yoast_head":"<!-- This site is optimized with the Yoast SEO plugin v27.4 - https:\/\/yoast.com\/product\/yoast-seo-wordpress\/ -->\n<title>Coup d&#039;essai - World of aventure<\/title>\n<meta name=\"robots\" content=\"index, follow, max-snippet:-1, max-image-preview:large, max-video-preview:-1\" \/>\n<link rel=\"canonical\" href=\"https:\/\/worldofpaint.fun\/index.php\/product\/coup-dessai\/\" \/>\n<meta property=\"og:locale\" content=\"fr_FR\" \/>\n<meta property=\"og:type\" content=\"article\" \/>\n<meta property=\"og:title\" content=\"Coup d&#039;essai - World of aventure\" \/>\n<meta property=\"og:description\" content=\"Plongez dans l&rsquo;action avec notre forfait Archery Tag de 30 minutes ! M\u00e9lange explosif entre le tir \u00e0 l\u2019arc, le paintball et le dodgeball, cette activit\u00e9 fun et accessible promet des sensations fortes en toute s\u00e9curit\u00e9. \u00c9quip\u00e9 d\u2019un arc, de fl\u00e8ches \u00e0 embout en mousse, d\u2019un masque de protection et de votre esprit d\u2019\u00e9quipe, affrontez [...]\" \/>\n<meta property=\"og:url\" content=\"https:\/\/worldofpaint.fun\/index.php\/product\/coup-dessai\/\" \/>\n<meta property=\"og:site_name\" content=\"World of aventure\" \/>\n<meta property=\"article:publisher\" content=\"https:\/\/www.facebook.com\/profile.php?id=100089567262244\" \/>\n<meta property=\"article:modified_time\" content=\"2025-07-21T19:14:23+00:00\" \/>\n<meta property=\"og:image\" content=\"https:\/\/worldofpaint.fun\/wp-content\/uploads\/2025\/07\/Gemini_Generated_Image_ihph5sihph5sihph-1024x1024.png\" \/>\n\t<meta property=\"og:image:width\" content=\"1024\" \/>\n\t<meta property=\"og:image:height\" content=\"1024\" \/>\n\t<meta property=\"og:image:type\" content=\"image\/png\" \/>\n<meta name=\"twitter:card\" content=\"summary_large_image\" \/>\n<meta name=\"twitter:label1\" content=\"Dur\u00e9e de lecture estim\u00e9e\" \/>\n\t<meta name=\"twitter:data1\" content=\"1 minute\" \/>\n<script type=\"application\/ld+json\" class=\"yoast-schema-graph\">{\"@context\":\"https:\\\/\\\/schema.org\",\"@graph\":[{\"@type\":\"WebPage\",\"@id\":\"https:\\\/\\\/worldofpaint.fun\\\/index.php\\\/product\\\/coup-dessai\\\/\",\"url\":\"https:\\\/\\\/worldofpaint.fun\\\/index.php\\\/product\\\/coup-dessai\\\/\",\"name\":\"Coup d'essai - World of aventure\",\"isPartOf\":{\"@id\":\"https:\\\/\\\/worldofpaint.fun\\\/#website\"},\"primaryImageOfPage\":{\"@id\":\"https:\\\/\\\/worldofpaint.fun\\\/index.php\\\/product\\\/coup-dessai\\\/#primaryimage\"},\"image\":{\"@id\":\"https:\\\/\\\/worldofpaint.fun\\\/index.php\\\/product\\\/coup-dessai\\\/#primaryimage\"},\"thumbnailUrl\":\"https:\\\/\\\/i0.wp.com\\\/worldofpaint.fun\\\/wp-content\\\/uploads\\\/2025\\\/07\\\/Gemini_Generated_Image_ihph5sihph5sihph.png?fit=2048%2C2048&ssl=1\",\"datePublished\":\"2025-07-20T19:19:07+00:00\",\"dateModified\":\"2025-07-21T19:14:23+00:00\",\"breadcrumb\":{\"@id\":\"https:\\\/\\\/worldofpaint.fun\\\/index.php\\\/product\\\/coup-dessai\\\/#breadcrumb\"},\"inLanguage\":\"fr-FR\",\"potentialAction\":[{\"@type\":\"ReadAction\",\"target\":[\"https:\\\/\\\/worldofpaint.fun\\\/index.php\\\/product\\\/coup-dessai\\\/\"]}]},{\"@type\":\"ImageObject\",\"inLanguage\":\"fr-FR\",\"@id\":\"https:\\\/\\\/worldofpaint.fun\\\/index.php\\\/product\\\/coup-dessai\\\/#primaryimage\",\"url\":\"https:\\\/\\\/i0.wp.com\\\/worldofpaint.fun\\\/wp-content\\\/uploads\\\/2025\\\/07\\\/Gemini_Generated_Image_ihph5sihph5sihph.png?fit=2048%2C2048&ssl=1\",\"contentUrl\":\"https:\\\/\\\/i0.wp.com\\\/worldofpaint.fun\\\/wp-content\\\/uploads\\\/2025\\\/07\\\/Gemini_Generated_Image_ihph5sihph5sihph.png?fit=2048%2C2048&ssl=1\",\"width\":2048,\"height\":2048},{\"@type\":\"BreadcrumbList\",\"@id\":\"https:\\\/\\\/worldofpaint.fun\\\/index.php\\\/product\\\/coup-dessai\\\/#breadcrumb\",\"itemListElement\":[{\"@type\":\"ListItem\",\"position\":1,\"name\":\"Accueil\",\"item\":\"https:\\\/\\\/worldofpaint.fun\\\/\"},{\"@type\":\"ListItem\",\"position\":2,\"name\":\"Produits\",\"item\":\"https:\\\/\\\/worldofpaint.fun\\\/index.php\\\/shop\\\/\"},{\"@type\":\"ListItem\",\"position\":3,\"name\":\"Coup d&rsquo;essai\"}]},{\"@type\":\"WebSite\",\"@id\":\"https:\\\/\\\/worldofpaint.fun\\\/#website\",\"url\":\"https:\\\/\\\/worldofpaint.fun\\\/\",\"name\":\"World of aventure\",\"description\":\"\",\"publisher\":{\"@id\":\"https:\\\/\\\/worldofpaint.fun\\\/#organization\"},\"potentialAction\":[{\"@type\":\"SearchAction\",\"target\":{\"@type\":\"EntryPoint\",\"urlTemplate\":\"https:\\\/\\\/worldofpaint.fun\\\/?s={search_term_string}\"},\"query-input\":{\"@type\":\"PropertyValueSpecification\",\"valueRequired\":true,\"valueName\":\"search_term_string\"}}],\"inLanguage\":\"fr-FR\"},{\"@type\":\"Organization\",\"@id\":\"https:\\\/\\\/worldofpaint.fun\\\/#organization\",\"name\":\"World of paintball\",\"url\":\"https:\\\/\\\/worldofpaint.fun\\\/\",\"logo\":{\"@type\":\"ImageObject\",\"inLanguage\":\"fr-FR\",\"@id\":\"https:\\\/\\\/worldofpaint.fun\\\/#\\\/schema\\\/logo\\\/image\\\/\",\"url\":\"https:\\\/\\\/worldofpaint.fun\\\/wp-content\\\/uploads\\\/2023\\\/05\\\/logo-1679993758.png\",\"contentUrl\":\"https:\\\/\\\/worldofpaint.fun\\\/wp-content\\\/uploads\\\/2023\\\/05\\\/logo-1679993758.png\",\"width\":300,\"height\":100,\"caption\":\"World of paintball\"},\"image\":{\"@id\":\"https:\\\/\\\/worldofpaint.fun\\\/#\\\/schema\\\/logo\\\/image\\\/\"},\"sameAs\":[\"https:\\\/\\\/www.facebook.com\\\/profile.php?id=100089567262244\"]}]}<\/script>\n<!-- \/ Yoast SEO plugin. -->","yoast_head_json":{"title":"Coup d'essai - World of aventure","robots":{"index":"index","follow":"follow","max-snippet":"max-snippet:-1","max-image-preview":"max-image-preview:large","max-video-preview":"max-video-preview:-1"},"canonical":"https:\/\/worldofpaint.fun\/index.php\/product\/coup-dessai\/","og_locale":"fr_FR","og_type":"article","og_title":"Coup d'essai - World of aventure","og_description":"Plongez dans l&rsquo;action avec notre forfait Archery Tag de 30 minutes ! M\u00e9lange explosif entre le tir \u00e0 l\u2019arc, le paintball et le dodgeball, cette activit\u00e9 fun et accessible promet des sensations fortes en toute s\u00e9curit\u00e9. \u00c9quip\u00e9 d\u2019un arc, de fl\u00e8ches \u00e0 embout en mousse, d\u2019un masque de protection et de votre esprit d\u2019\u00e9quipe, affrontez [...]","og_url":"https:\/\/worldofpaint.fun\/index.php\/product\/coup-dessai\/","og_site_name":"World of aventure","article_publisher":"https:\/\/www.facebook.com\/profile.php?id=100089567262244","article_modified_time":"2025-07-21T19:14:23+00:00","og_image":[{"width":1024,"height":1024,"url":"https:\/\/worldofpaint.fun\/wp-content\/uploads\/2025\/07\/Gemini_Generated_Image_ihph5sihph5sihph-1024x1024.png","type":"image\/png"}],"twitter_card":"summary_large_image","twitter_misc":{"Dur\u00e9e de lecture estim\u00e9e":"1 minute"},"schema":{"@context":"https:\/\/schema.org","@graph":[{"@type":"WebPage","@id":"https:\/\/worldofpaint.fun\/index.php\/product\/coup-dessai\/","url":"https:\/\/worldofpaint.fun\/index.php\/product\/coup-dessai\/","name":"Coup d'essai - World of aventure","isPartOf":{"@id":"https:\/\/worldofpaint.fun\/#website"},"primaryImageOfPage":{"@id":"https:\/\/worldofpaint.fun\/index.php\/product\/coup-dessai\/#primaryimage"},"image":{"@id":"https:\/\/worldofpaint.fun\/index.php\/product\/coup-dessai\/#primaryimage"},"thumbnailUrl":"https:\/\/i0.wp.com\/worldofpaint.fun\/wp-content\/uploads\/2025\/07\/Gemini_Generated_Image_ihph5sihph5sihph.png?fit=2048%2C2048&ssl=1","datePublished":"2025-07-20T19:19:07+00:00","dateModified":"2025-07-21T19:14:23+00:00","breadcrumb":{"@id":"https:\/\/worldofpaint.fun\/index.php\/product\/coup-dessai\/#breadcrumb"},"inLanguage":"fr-FR","potentialAction":[{"@type":"ReadAction","target":["https:\/\/worldofpaint.fun\/index.php\/product\/coup-dessai\/"]}]},{"@type":"ImageObject","inLanguage":"fr-FR","@id":"https:\/\/worldofpaint.fun\/index.php\/product\/coup-dessai\/#primaryimage","url":"https:\/\/i0.wp.com\/worldofpaint.fun\/wp-content\/uploads\/2025\/07\/Gemini_Generated_Image_ihph5sihph5sihph.png?fit=2048%2C2048&ssl=1","contentUrl":"https:\/\/i0.wp.com\/worldofpaint.fun\/wp-content\/uploads\/2025\/07\/Gemini_Generated_Image_ihph5sihph5sihph.png?fit=2048%2C2048&ssl=1","width":2048,"height":2048},{"@type":"BreadcrumbList","@id":"https:\/\/worldofpaint.fun\/index.php\/product\/coup-dessai\/#breadcrumb","itemListElement":[{"@type":"ListItem","position":1,"name":"Accueil","item":"https:\/\/worldofpaint.fun\/"},{"@type":"ListItem","position":2,"name":"Produits","item":"https:\/\/worldofpaint.fun\/index.php\/shop\/"},{"@type":"ListItem","position":3,"name":"Coup d&rsquo;essai"}]},{"@type":"WebSite","@id":"https:\/\/worldofpaint.fun\/#website","url":"https:\/\/worldofpaint.fun\/","name":"World of aventure","description":"","publisher":{"@id":"https:\/\/worldofpaint.fun\/#organization"},"potentialAction":[{"@type":"SearchAction","target":{"@type":"EntryPoint","urlTemplate":"https:\/\/worldofpaint.fun\/?s={search_term_string}"},"query-input":{"@type":"PropertyValueSpecification","valueRequired":true,"valueName":"search_term_string"}}],"inLanguage":"fr-FR"},{"@type":"Organization","@id":"https:\/\/worldofpaint.fun\/#organization","name":"World of paintball","url":"https:\/\/worldofpaint.fun\/","logo":{"@type":"ImageObject","inLanguage":"fr-FR","@id":"https:\/\/worldofpaint.fun\/#\/schema\/logo\/image\/","url":"https:\/\/worldofpaint.fun\/wp-content\/uploads\/2023\/05\/logo-1679993758.png","contentUrl":"https:\/\/worldofpaint.fun\/wp-content\/uploads\/2023\/05\/logo-1679993758.png","width":300,"height":100,"caption":"World of paintball"},"image":{"@id":"https:\/\/worldofpaint.fun\/#\/schema\/logo\/image\/"},"sameAs":["https:\/\/www.facebook.com\/profile.php?id=100089567262244"]}]}},"_links":{"self":[{"href":"https:\/\/worldofpaint.fun\/index.php\/wp-json\/wp\/v2\/product\/2865","targetHints":{"allow":["GET"]}}],"collection":[{"href":"https:\/\/worldofpaint.fun\/index.php\/wp-json\/wp\/v2\/product"}],"about":[{"href":"https:\/\/worldofpaint.fun\/index.php\/wp-json\/wp\/v2\/types\/product"}],"wp:featuredmedia":[{"embeddable":true,"href":"https:\/\/worldofpaint.fun\/index.php\/wp-json\/wp\/v2\/media\/2844"}],"wp:attachment":[{"href":"https:\/\/worldofpaint.fun\/index.php\/wp-json\/wp\/v2\/media?parent=2865"}],"wp:term":[{"taxonomy":"product_brand","embeddable":true,"href":"https:\/\/worldofpaint.fun\/index.php\/wp-json\/wp\/v2\/product_brand?post=2865"},{"taxonomy":"product_cat","embeddable":true,"href":"https:\/\/worldofpaint.fun\/index.php\/wp-json\/wp\/v2\/product_cat?post=2865"},{"taxonomy":"product_tag","embeddable":true,"href":"https:\/\/worldofpaint.fun\/index.php\/wp-json\/wp\/v2\/product_tag?post=2865"}],"curies":[{"name":"wp","href":"https:\/\/api.w.org\/{rel}","templated":true}]}}