{"id":2886,"date":"2025-07-21T21:03:05","date_gmt":"2025-07-21T19:03:05","guid":{"rendered":"https:\/\/worldofpaint.fun\/?page_id=2886"},"modified":"2026-04-13T22:17:36","modified_gmt":"2026-04-13T20:17:36","slug":"paintball-angouleme","status":"publish","type":"page","link":"https:\/\/worldofpaint.fun\/index.php\/paintball-angouleme\/","title":{"rendered":"Paintball"},"content":{"rendered":"<div class=\"slider-wrapper relative\" id=\"slider-899395549\" >\n    <div class=\"slider slider-nav-circle slider-nav-large slider-nav-light slider-style-normal\"\n        data-flickity-options='{\n            \"cellAlign\": \"center\",\n            \"imagesLoaded\": true,\n            \"lazyLoad\": 1,\n            \"freeScroll\": false,\n            \"wrapAround\": true,\n            \"autoPlay\": 6000,\n            \"pauseAutoPlayOnHover\" : true,\n            \"prevNextButtons\": true,\n            \"contain\" : true,\n            \"adaptiveHeight\" : true,\n            \"dragThreshold\" : 10,\n            \"percentPosition\": true,\n            \"pageDots\": true,\n            \"rightToLeft\": false,\n            \"draggable\": true,\n            \"selectedAttraction\": 0.1,\n            \"parallax\" : 0,\n            \"friction\": 0.6        }'\n        >\n        \n\n  <div class=\"banner has-hover\" id=\"banner-377069991\">\n          <div class=\"banner-inner fill\">\n        <div class=\"banner-bg fill\" >\n            <img loading=\"lazy\" decoding=\"async\" width=\"1020\" height=\"624\" src=\"https:\/\/i0.wp.com\/worldofpaint.fun\/wp-content\/uploads\/2024\/02\/686705-scaled.jpg?fit=1020%2C624&amp;ssl=1\" class=\"bg attachment-large size-large\" alt=\"\" \/>                                    \n\t<div class=\"is-border is-dashed\"\n\t\tstyle=\"border-radius:undefinedpx;border-width:2px 2px 2px 2px;margin:10px 10px 10px 10px;\">\n\t<\/div>\n                    <\/div>\n\t\t\n        <div class=\"banner-layers container\">\n            <div class=\"fill banner-link\"><\/div>            \n        <\/div>\n      <\/div>\n\n            \n<style>\n#banner-377069991 {\n  padding-top: 600px;\n}\n<\/style>\n  <\/div>\n\n\n     <\/div>\n\n     <div class=\"loading-spin dark large centered\"><\/div>\n\n\t<\/div>\n\n\n\n\t<section class=\"section\" id=\"section_1866158917\">\n\t\t<div class=\"section-bg fill\" >\n\t\t\t\t\t\t\t\t\t\n\t\t\t\n\n\t\t<\/div>\n\n\t\t\n\n\t\t<div class=\"section-content relative\">\n\t\t\t\n<div class=\"row\"  id=\"row-1594673007\">\n\n\t<div id=\"col-904594273\" class=\"col medium-3 small-6 large-3\"  >\n\t\t\t\t<div class=\"col-inner\"  >\n\t\t\t\n\t\t\t\n<h2 data-section-id=\"1mdi0yt\" data-start=\"295\" data-end=\"331\">\ud83d\udd34 Paintball +13 ans (Calibre 68)<\/h2>\n<p data-start=\"333\" data-end=\"359\">\ud83d\udd25 <strong data-start=\"336\" data-end=\"359\">Adr\u00e9naline maximale<\/strong><\/p>\n<p data-start=\"361\" data-end=\"456\">Vivez une exp\u00e9rience de paintball intense avec du mat\u00e9riel puissant et des sc\u00e9narios immersifs.<\/p>\n<p data-start=\"458\" data-end=\"581\">\ud83d\udc49 Id\u00e9al pour les ados (13+) et adultes<br data-start=\"497\" data-end=\"500\" \/>\ud83d\udc49 Parfait pour EVG, groupes et d\u00e9fis entre amis<br data-start=\"548\" data-end=\"551\" \/>\ud83d\udc49 Sensations fortes garanties<\/p>\n<a href=\"https:\/\/worldofpaint.fun\/index.php\/paintball-13-ans-angouleme\/\" class=\"button primary expand\" >\n\t\t<span>En savoir plus<\/span>\n\t<\/a>\n\n\n  <div class=\"banner has-hover\" id=\"banner-1345474277\">\n          <div class=\"banner-inner fill\">\n        <div class=\"banner-bg fill\" >\n                                    <div class=\"overlay\"><\/div>            \n\t<div class=\"is-border is-dashed\"\n\t\tstyle=\"border-color:rgba(0, 0, 0, 0.16);border-width:1px 1px 1px 1px;margin:10px 10px 10px 10px;\">\n\t<\/div>\n                    <\/div>\n\t\t\n        <div class=\"banner-layers container\">\n            <a class=\"fill\" href=\"https:\/\/worldofpaint.fun\/index.php\/paintball-13-ans-angouleme\/\"><div class=\"fill banner-link\"><\/div><\/a>            \n   <div id=\"text-box-1534051439\" class=\"text-box banner-layer x50 md-x50 lg-x50 y50 md-y50 lg-y50 res-text\">\n                                <div class=\"text-box-content text dark\">\n              \n              <div class=\"text-inner text-center\">\n                  \n\t<div id=\"text-2144747667\" class=\"text\">\n\t\t\n<h2 class=\"uppercase\"><strong>paintball traditionnel<\/strong><\/h2>\n\t\t\n<style>\n#text-2144747667 {\n  text-align: center;\n}\n<\/style>\n\t<\/div>\n\t\n              <\/div>\n           <\/div>\n                            \n<style>\n#text-box-1534051439 {\n  width: 60%;\n}\n#text-box-1534051439 .text-box-content {\n  font-size: 100%;\n}\n@media (min-width:550px) {\n  #text-box-1534051439 {\n    width: 68%;\n  }\n}\n<\/style>\n    <\/div>\n \n        <\/div>\n      <\/div>\n\n            \n<style>\n#banner-1345474277 {\n  padding-top: 160px;\n}\n#banner-1345474277 .overlay {\n  background-color: rgba(0, 0, 0, 0.06);\n}\n#banner-1345474277 .banner-bg img {\n  object-position: 50% 12%;\n}\n<\/style>\n  <\/div>\n\n\n\t\t<\/div>\n\t\t\t\t\t<\/div>\n\n\t\n\n\t<div id=\"col-650924198\" class=\"col medium-3 small-6 large-3\"  >\n\t\t\t\t<div class=\"col-inner\"  >\n\t\t\t\n\t\t\t\n\t<div id=\"text-647561316\" class=\"text\">\n\t\t\n<h2 data-section-id=\"5ispw9\" data-start=\"588\" data-end=\"627\">\ud83d\udfe0 Paintball Low Impact (Calibre 50)<\/h2>\n<p data-start=\"629\" data-end=\"652\">\ud83c\udfaf <strong data-start=\"632\" data-end=\"652\">Fun &amp; accessible<\/strong><\/p>\n<p data-start=\"654\" data-end=\"764\">Une version plus douce du paintball avec moins d\u2019impact, parfaite pour d\u00e9couvrir l\u2019activit\u00e9 en toute s\u00e9curit\u00e9.<\/p>\n<p data-start=\"766\" data-end=\"881\">\ud83d\udc49 Id\u00e9al pour d\u00e9butants et groupes mixtes<br data-start=\"807\" data-end=\"810\" \/>\ud83d\udc49 Moins de douleur, plus de fun<br data-start=\"842\" data-end=\"845\" \/>\ud83d\udc49 Exp\u00e9rience strat\u00e9gique et ludique<\/p>\n\t\t\n<style>\n#text-647561316 {\n  line-height: 1.8;\n}\n<\/style>\n\t<\/div>\n\t\n<a href=\"https:\/\/worldofpaint.fun\/index.php\/paintball-low-impact-angouleme\/\" class=\"button primary expand\" >\n\t\t<span>En savoir plus<\/span>\n\t<\/a>\n\n\n  <div class=\"banner has-hover\" id=\"banner-556087999\">\n          <div class=\"banner-inner fill\">\n        <div class=\"banner-bg fill\" >\n                                    <div class=\"overlay\"><\/div>            \n\t<div class=\"is-border is-dashed\"\n\t\tstyle=\"border-color:rgba(0, 0, 0, 0.16);border-width:1px 1px 1px 1px;margin:10px 10px 10px 10px;\">\n\t<\/div>\n                    <\/div>\n\t\t\n        <div class=\"banner-layers container\">\n            <a class=\"fill\" href=\"https:\/\/worldofpaint.fun\/index.php\/paintball-low-impact-angouleme\/\"><div class=\"fill banner-link\"><\/div><\/a>            \n   <div id=\"text-box-543794698\" class=\"text-box banner-layer x50 md-x50 lg-x50 y50 md-y50 lg-y50 res-text\">\n                                <div class=\"text-box-content text dark\">\n              \n              <div class=\"text-inner text-center\">\n                  \n\t<div id=\"text-869311842\" class=\"text\">\n\t\t\n<h2 class=\"uppercase\"><strong>Paintball low impact<\/strong><\/h2>\n\t\t\n<style>\n#text-869311842 {\n  text-align: center;\n}\n<\/style>\n\t<\/div>\n\t\n              <\/div>\n           <\/div>\n                            \n<style>\n#text-box-543794698 {\n  width: 60%;\n}\n#text-box-543794698 .text-box-content {\n  font-size: 100%;\n}\n@media (min-width:550px) {\n  #text-box-543794698 {\n    width: 68%;\n  }\n}\n<\/style>\n    <\/div>\n \n        <\/div>\n      <\/div>\n\n            \n<style>\n#banner-556087999 {\n  padding-top: 160px;\n}\n#banner-556087999 .overlay {\n  background-color: rgba(0, 0, 0, 0.06);\n}\n#banner-556087999 .banner-bg img {\n  object-position: 50% 12%;\n}\n<\/style>\n  <\/div>\n\n\n\t\t<\/div>\n\t\t\t\t\t<\/div>\n\n\t\n\n\t<div id=\"col-830129966\" class=\"col medium-3 small-6 large-3\"  >\n\t\t\t\t<div class=\"col-inner\"  >\n\t\t\t\n\t\t\t\n\t<div id=\"text-3495469266\" class=\"text\">\n\t\t\n<h2 data-section-id=\"v2y759\" data-start=\"888\" data-end=\"908\">\ud83d\udfe1 Paintball Kids<\/h2>\n<p data-start=\"910\" data-end=\"932\">\ud83e\uddd2 <strong data-start=\"913\" data-end=\"932\">Sp\u00e9cial enfants<\/strong><\/p>\n<p data-start=\"910\" data-end=\"932\">\u00a0<\/p>\n<p data-start=\"934\" data-end=\"1038\">Une version adapt\u00e9e et s\u00e9curis\u00e9e pour les plus jeunes, avec du mat\u00e9riel l\u00e9ger et des r\u00e8gles simplifi\u00e9es.<\/p>\n<p data-start=\"1040\" data-end=\"1156\">\ud83d\udc49 Id\u00e9al pour anniversaires enfants<br data-start=\"1075\" data-end=\"1078\" \/>\ud83d\udc49 Encadrement et s\u00e9curit\u00e9 totale<br data-start=\"1111\" data-end=\"1114\" \/>\ud83d\udc49 Fun garanti pour les petits aventuriers<\/p>\n\t\t\n<style>\n#text-3495469266 {\n  font-size: 1rem;\n  line-height: 1.85;\n}\n<\/style>\n\t<\/div>\n\t\n<a href=\"https:\/\/worldofpaint.fun\/index.php\/paintball-kids-angouleme\/\" class=\"button primary expand\" >\n\t\t<span>En savoir plus<\/span>\n\t<\/a>\n\n\n  <div class=\"banner has-hover\" id=\"banner-1907679700\">\n          <div class=\"banner-inner fill\">\n        <div class=\"banner-bg fill\" >\n                                    <div class=\"overlay\"><\/div>            \n\t<div class=\"is-border is-dashed\"\n\t\tstyle=\"border-color:rgba(0, 0, 0, 0.16);border-width:1px 1px 1px 1px;margin:10px 10px 10px 10px;\">\n\t<\/div>\n                    <\/div>\n\t\t\n        <div class=\"banner-layers container\">\n            <a class=\"fill\" href=\"https:\/\/worldofpaint.fun\/index.php\/paintball-kids-angouleme\/\"><div class=\"fill banner-link\"><\/div><\/a>            \n   <div id=\"text-box-223831438\" class=\"text-box banner-layer x50 md-x50 lg-x50 y50 md-y50 lg-y50 res-text\">\n                                <div class=\"text-box-content text dark\">\n              \n              <div class=\"text-inner text-center\">\n                  \n<h2 class=\"uppercase\"><strong>Paintball kids<\/strong><\/h2>\n              <\/div>\n           <\/div>\n                            \n<style>\n#text-box-223831438 {\n  width: 60%;\n}\n#text-box-223831438 .text-box-content {\n  font-size: 100%;\n}\n@media (min-width:550px) {\n  #text-box-223831438 {\n    width: 68%;\n  }\n}\n<\/style>\n    <\/div>\n \n        <\/div>\n      <\/div>\n\n            \n<style>\n#banner-1907679700 {\n  padding-top: 160px;\n}\n#banner-1907679700 .overlay {\n  background-color: rgba(0, 0, 0, 0.06);\n}\n#banner-1907679700 .banner-bg img {\n  object-position: 50% 12%;\n}\n<\/style>\n  <\/div>\n\n\n\t\t<\/div>\n\t\t\t\t\t<\/div>\n\n\t\n\n\t<div id=\"col-646842676\" class=\"col medium-3 small-6 large-3\"  >\n\t\t\t\t<div class=\"col-inner\"  >\n\t\t\t\n\t\t\t\n\t<div id=\"text-2388430780\" class=\"text\">\n\t\t\n<h2 data-section-id=\"33kyzv\" data-start=\"1163\" data-end=\"1180\">\ud83d\udfe2 Gel Blaster<\/h2>\n<p data-start=\"1182\" data-end=\"1208\">\ud83d\udca5 <strong data-start=\"1185\" data-end=\"1208\">Action sans douleur<\/strong><\/p>\n<p data-start=\"1210\" data-end=\"1328\">Une alternative moderne au paintball utilisant des billes en gel pour une exp\u00e9rience fluide et sans impact douloureux.<\/p>\n<p data-start=\"1330\" data-end=\"1427\">\ud83d\udc49 Tr\u00e8s fun et dynamique<br data-start=\"1354\" data-end=\"1357\" \/>\ud83d\udc49 Id\u00e9al pour groupes et \u00e9v\u00e9nements<br data-start=\"1392\" data-end=\"1395\" \/>\ud83d\udc49 Accessible \u00e0 tous les niveaux<\/p>\n\t\t\n<style>\n#text-2388430780 {\n  line-height: 2.1;\n}\n<\/style>\n\t<\/div>\n\t\n<a href=\"https:\/\/worldofpaint.fun\/index.php\/gelblaster-a-partir-de-6-ans\/\" class=\"button primary expand\" >\n\t\t<span>En savoir plus<\/span>\n\t<\/a>\n\n\n  <div class=\"banner has-hover\" id=\"banner-1203472685\">\n          <div class=\"banner-inner fill\">\n        <div class=\"banner-bg fill\" >\n                                    <div class=\"overlay\"><\/div>            \n\t<div class=\"is-border is-dashed\"\n\t\tstyle=\"border-color:rgba(0, 0, 0, 0.16);border-width:1px 1px 1px 1px;margin:10px 10px 10px 10px;\">\n\t<\/div>\n                    <\/div>\n\t\t\n        <div class=\"banner-layers container\">\n            <a class=\"fill\" href=\"https:\/\/worldofpaint.fun\/index.php\/gelblaster-a-partir-de-6-ans\/\"><div class=\"fill banner-link\"><\/div><\/a>            \n   <div id=\"text-box-385395547\" class=\"text-box banner-layer x50 md-x50 lg-x50 y50 md-y50 lg-y50 res-text\">\n                                <div class=\"text-box-content text dark\">\n              \n              <div class=\"text-inner text-center\">\n                  \n<h2 class=\"uppercase\"><strong>gel blaster<\/strong><\/h2>\n              <\/div>\n           <\/div>\n                            \n<style>\n#text-box-385395547 {\n  width: 60%;\n}\n#text-box-385395547 .text-box-content {\n  font-size: 100%;\n}\n@media (min-width:550px) {\n  #text-box-385395547 {\n    width: 68%;\n  }\n}\n<\/style>\n    <\/div>\n \n        <\/div>\n      <\/div>\n\n            \n<style>\n#banner-1203472685 {\n  padding-top: 160px;\n}\n#banner-1203472685 .overlay {\n  background-color: rgba(0, 0, 0, 0.06);\n}\n#banner-1203472685 .banner-bg img {\n  object-position: 51% 35%;\n}\n<\/style>\n  <\/div>\n\n\n\t\t<\/div>\n\t\t\t\t\t<\/div>\n\n\t\n<\/div>\n\t\t<\/div>\n\n\t\t\n<style>\n#section_1866158917 {\n  padding-top: 30px;\n  padding-bottom: 30px;\n}\n<\/style>\n\t<\/section>\n\t\n","protected":false},"excerpt":{"rendered":"","protected":false},"author":2,"featured_media":0,"parent":0,"menu_order":0,"comment_status":"closed","ping_status":"closed","template":"page-blank.php","meta":{"footnotes":""},"class_list":["post-2886","page","type-page","status-publish","hentry"],"yoast_head":"<!-- This site is optimized with the Yoast SEO plugin v27.4 - https:\/\/yoast.com\/product\/yoast-seo-wordpress\/ -->\n<title>Paintball - World of aventure<\/title>\n<meta name=\"description\" content=\"Paintball \u00e0 Angoul\u00eame : vivez une exp\u00e9rience unique en Charente ! Id\u00e9al pour EVG, anniversaires et groupes. R\u00e9servez votre session\" \/>\n<meta name=\"robots\" content=\"index, follow, max-snippet:-1, max-image-preview:large, max-video-preview:-1\" \/>\n<link rel=\"canonical\" href=\"https:\/\/worldofpaint.fun\/index.php\/paintball-angouleme\/\" \/>\n<meta property=\"og:locale\" content=\"fr_FR\" \/>\n<meta property=\"og:type\" content=\"article\" \/>\n<meta property=\"og:title\" content=\"Paintball - World of aventure\" \/>\n<meta property=\"og:description\" content=\"Paintball \u00e0 Angoul\u00eame : vivez une exp\u00e9rience unique en Charente ! Id\u00e9al pour EVG, anniversaires et groupes. R\u00e9servez votre session\" \/>\n<meta property=\"og:url\" content=\"https:\/\/worldofpaint.fun\/index.php\/paintball-angouleme\/\" \/>\n<meta property=\"og:site_name\" content=\"World of aventure\" \/>\n<meta property=\"article:publisher\" content=\"https:\/\/www.facebook.com\/profile.php?id=100089567262244\" \/>\n<meta property=\"article:modified_time\" content=\"2026-04-13T20:17:36+00:00\" \/>\n<meta name=\"twitter:card\" content=\"summary_large_image\" \/>\n<meta name=\"twitter:label1\" content=\"Dur\u00e9e de lecture estim\u00e9e\" \/>\n\t<meta name=\"twitter:data1\" content=\"1 minute\" \/>\n<script type=\"application\/ld+json\" class=\"yoast-schema-graph\">{\"@context\":\"https:\\\/\\\/schema.org\",\"@graph\":[{\"@type\":\"WebPage\",\"@id\":\"https:\\\/\\\/worldofpaint.fun\\\/index.php\\\/paintball-angouleme\\\/\",\"url\":\"https:\\\/\\\/worldofpaint.fun\\\/index.php\\\/paintball-angouleme\\\/\",\"name\":\"Paintball - World of aventure\",\"isPartOf\":{\"@id\":\"https:\\\/\\\/worldofpaint.fun\\\/#website\"},\"datePublished\":\"2025-07-21T19:03:05+00:00\",\"dateModified\":\"2026-04-13T20:17:36+00:00\",\"description\":\"Paintball \u00e0 Angoul\u00eame : vivez une exp\u00e9rience unique en Charente ! Id\u00e9al pour EVG, anniversaires et groupes. R\u00e9servez votre session\",\"breadcrumb\":{\"@id\":\"https:\\\/\\\/worldofpaint.fun\\\/index.php\\\/paintball-angouleme\\\/#breadcrumb\"},\"inLanguage\":\"fr-FR\",\"potentialAction\":[{\"@type\":\"ReadAction\",\"target\":[\"https:\\\/\\\/worldofpaint.fun\\\/index.php\\\/paintball-angouleme\\\/\"]}]},{\"@type\":\"BreadcrumbList\",\"@id\":\"https:\\\/\\\/worldofpaint.fun\\\/index.php\\\/paintball-angouleme\\\/#breadcrumb\",\"itemListElement\":[{\"@type\":\"ListItem\",\"position\":1,\"name\":\"Accueil\",\"item\":\"https:\\\/\\\/worldofpaint.fun\\\/\"},{\"@type\":\"ListItem\",\"position\":2,\"name\":\"Paintball\"}]},{\"@type\":\"WebSite\",\"@id\":\"https:\\\/\\\/worldofpaint.fun\\\/#website\",\"url\":\"https:\\\/\\\/worldofpaint.fun\\\/\",\"name\":\"World of aventure\",\"description\":\"\",\"publisher\":{\"@id\":\"https:\\\/\\\/worldofpaint.fun\\\/#organization\"},\"potentialAction\":[{\"@type\":\"SearchAction\",\"target\":{\"@type\":\"EntryPoint\",\"urlTemplate\":\"https:\\\/\\\/worldofpaint.fun\\\/?s={search_term_string}\"},\"query-input\":{\"@type\":\"PropertyValueSpecification\",\"valueRequired\":true,\"valueName\":\"search_term_string\"}}],\"inLanguage\":\"fr-FR\"},{\"@type\":\"Organization\",\"@id\":\"https:\\\/\\\/worldofpaint.fun\\\/#organization\",\"name\":\"World of paintball\",\"url\":\"https:\\\/\\\/worldofpaint.fun\\\/\",\"logo\":{\"@type\":\"ImageObject\",\"inLanguage\":\"fr-FR\",\"@id\":\"https:\\\/\\\/worldofpaint.fun\\\/#\\\/schema\\\/logo\\\/image\\\/\",\"url\":\"https:\\\/\\\/worldofpaint.fun\\\/wp-content\\\/uploads\\\/2023\\\/05\\\/logo-1679993758.png\",\"contentUrl\":\"https:\\\/\\\/worldofpaint.fun\\\/wp-content\\\/uploads\\\/2023\\\/05\\\/logo-1679993758.png\",\"width\":300,\"height\":100,\"caption\":\"World of paintball\"},\"image\":{\"@id\":\"https:\\\/\\\/worldofpaint.fun\\\/#\\\/schema\\\/logo\\\/image\\\/\"},\"sameAs\":[\"https:\\\/\\\/www.facebook.com\\\/profile.php?id=100089567262244\"]}]}<\/script>\n<!-- \/ Yoast SEO plugin. -->","yoast_head_json":{"title":"Paintball - World of aventure","description":"Paintball \u00e0 Angoul\u00eame : vivez une exp\u00e9rience unique en Charente ! Id\u00e9al pour EVG, anniversaires et groupes. R\u00e9servez votre session","robots":{"index":"index","follow":"follow","max-snippet":"max-snippet:-1","max-image-preview":"max-image-preview:large","max-video-preview":"max-video-preview:-1"},"canonical":"https:\/\/worldofpaint.fun\/index.php\/paintball-angouleme\/","og_locale":"fr_FR","og_type":"article","og_title":"Paintball - World of aventure","og_description":"Paintball \u00e0 Angoul\u00eame : vivez une exp\u00e9rience unique en Charente ! Id\u00e9al pour EVG, anniversaires et groupes. R\u00e9servez votre session","og_url":"https:\/\/worldofpaint.fun\/index.php\/paintball-angouleme\/","og_site_name":"World of aventure","article_publisher":"https:\/\/www.facebook.com\/profile.php?id=100089567262244","article_modified_time":"2026-04-13T20:17:36+00:00","twitter_card":"summary_large_image","twitter_misc":{"Dur\u00e9e de lecture estim\u00e9e":"1 minute"},"schema":{"@context":"https:\/\/schema.org","@graph":[{"@type":"WebPage","@id":"https:\/\/worldofpaint.fun\/index.php\/paintball-angouleme\/","url":"https:\/\/worldofpaint.fun\/index.php\/paintball-angouleme\/","name":"Paintball - World of aventure","isPartOf":{"@id":"https:\/\/worldofpaint.fun\/#website"},"datePublished":"2025-07-21T19:03:05+00:00","dateModified":"2026-04-13T20:17:36+00:00","description":"Paintball \u00e0 Angoul\u00eame : vivez une exp\u00e9rience unique en Charente ! Id\u00e9al pour EVG, anniversaires et groupes. R\u00e9servez votre session","breadcrumb":{"@id":"https:\/\/worldofpaint.fun\/index.php\/paintball-angouleme\/#breadcrumb"},"inLanguage":"fr-FR","potentialAction":[{"@type":"ReadAction","target":["https:\/\/worldofpaint.fun\/index.php\/paintball-angouleme\/"]}]},{"@type":"BreadcrumbList","@id":"https:\/\/worldofpaint.fun\/index.php\/paintball-angouleme\/#breadcrumb","itemListElement":[{"@type":"ListItem","position":1,"name":"Accueil","item":"https:\/\/worldofpaint.fun\/"},{"@type":"ListItem","position":2,"name":"Paintball"}]},{"@type":"WebSite","@id":"https:\/\/worldofpaint.fun\/#website","url":"https:\/\/worldofpaint.fun\/","name":"World of aventure","description":"","publisher":{"@id":"https:\/\/worldofpaint.fun\/#organization"},"potentialAction":[{"@type":"SearchAction","target":{"@type":"EntryPoint","urlTemplate":"https:\/\/worldofpaint.fun\/?s={search_term_string}"},"query-input":{"@type":"PropertyValueSpecification","valueRequired":true,"valueName":"search_term_string"}}],"inLanguage":"fr-FR"},{"@type":"Organization","@id":"https:\/\/worldofpaint.fun\/#organization","name":"World of paintball","url":"https:\/\/worldofpaint.fun\/","logo":{"@type":"ImageObject","inLanguage":"fr-FR","@id":"https:\/\/worldofpaint.fun\/#\/schema\/logo\/image\/","url":"https:\/\/worldofpaint.fun\/wp-content\/uploads\/2023\/05\/logo-1679993758.png","contentUrl":"https:\/\/worldofpaint.fun\/wp-content\/uploads\/2023\/05\/logo-1679993758.png","width":300,"height":100,"caption":"World of paintball"},"image":{"@id":"https:\/\/worldofpaint.fun\/#\/schema\/logo\/image\/"},"sameAs":["https:\/\/www.facebook.com\/profile.php?id=100089567262244"]}]}},"_links":{"self":[{"href":"https:\/\/worldofpaint.fun\/index.php\/wp-json\/wp\/v2\/pages\/2886","targetHints":{"allow":["GET"]}}],"collection":[{"href":"https:\/\/worldofpaint.fun\/index.php\/wp-json\/wp\/v2\/pages"}],"about":[{"href":"https:\/\/worldofpaint.fun\/index.php\/wp-json\/wp\/v2\/types\/page"}],"author":[{"embeddable":true,"href":"https:\/\/worldofpaint.fun\/index.php\/wp-json\/wp\/v2\/users\/2"}],"replies":[{"embeddable":true,"href":"https:\/\/worldofpaint.fun\/index.php\/wp-json\/wp\/v2\/comments?post=2886"}],"version-history":[{"count":16,"href":"https:\/\/worldofpaint.fun\/index.php\/wp-json\/wp\/v2\/pages\/2886\/revisions"}],"predecessor-version":[{"id":3816,"href":"https:\/\/worldofpaint.fun\/index.php\/wp-json\/wp\/v2\/pages\/2886\/revisions\/3816"}],"wp:attachment":[{"href":"https:\/\/worldofpaint.fun\/index.php\/wp-json\/wp\/v2\/media?parent=2886"}],"curies":[{"name":"wp","href":"https:\/\/api.w.org\/{rel}","templated":true}]}}