{"id":2,"date":"2023-05-04T05:17:17","date_gmt":"2023-05-04T04:17:17","guid":{"rendered":"https:\/\/worldofpaint.fun\/?page_id=2"},"modified":"2023-07-13T10:00:39","modified_gmt":"2023-07-13T08:00:39","slug":"sample-page","status":"publish","type":"page","link":"https:\/\/worldofpaint.fun\/index.php\/sample-page\/","title":{"rendered":"Moyen de paiement"},"content":{"rendered":"<h1>\u00a0<\/h1>\n<h1 style=\"text-align: center;\"><strong>MOYEN DE PAIEMENT\u00a0<\/strong><\/h1>\n<div class=\"is-divider divider clearfix\" ><\/div>\n<div class=\"row\"  id=\"row-459946034\">\n\n\t<div id=\"col-757831392\" class=\"col medium-8 small-12 large-8\"  >\n\t\t\t\t<div class=\"col-inner\"  >\n\t\t\t\n\t\t\t\n\t<div class=\"img has-hover x md-x lg-x y md-y lg-y\" id=\"image_2120222469\">\n\t\t\t\t\t\t\t\t<div class=\"img-inner dark\" >\n\t\t\t<img loading=\"lazy\" decoding=\"async\" width=\"240\" height=\"171\" src=\"https:\/\/i0.wp.com\/worldofpaint.fun\/wp-content\/uploads\/2023\/07\/2023-07-13-09_44_43-Moyen-de-paiement-accepte-au-parc.png?fit=240%2C171&amp;ssl=1\" class=\"attachment-1536x1536 size-1536x1536\" alt=\"\" \/>\t\t\t\t\t\t\n\t\t\t\t\t<\/div>\n\t\t\t\t\t\t\t\t\n<style>\n#image_2120222469 {\n  width: 54%;\n}\n<\/style>\n\t<\/div>\n\t\n\t\t<\/div>\n\t\t\t\t\t<\/div>\n\n\t\n\n\t<div id=\"col-1237063935\" class=\"col medium-4 small-12 large-4\"  >\n\t\t\t\t<div class=\"col-inner\"  >\n\t\t\t\n\t\t\t\n\t<div class=\"img has-hover x md-x lg-x y md-y lg-y\" id=\"image_2097913757\">\n\t\t\t\t\t\t\t\t<div class=\"img-inner dark\" style=\"margin:0px 0px 0px 0px;\">\n\t\t\t<img loading=\"lazy\" decoding=\"async\" width=\"184\" height=\"179\" src=\"https:\/\/i0.wp.com\/worldofpaint.fun\/wp-content\/uploads\/2023\/07\/2023-07-13-09_45_25-Moyen-de-paiement-accepte-au-parc.png?fit=184%2C179&amp;ssl=1\" class=\"attachment-large size-large\" alt=\"\" \/>\t\t\t\t\t\t\n\t\t\t\t\t<\/div>\n\t\t\t\t\t\t\t\t\n<style>\n#image_2097913757 {\n  width: 70%;\n}\n<\/style>\n\t<\/div>\n\t\n\t\t<\/div>\n\t\t\t\t\t<\/div>\n\n\t\n<\/div>\n<div class=\"row\"  id=\"row-2125724133\">\n\n\t<div id=\"col-1915266748\" class=\"col medium-8 small-12 large-8\"  >\n\t\t\t\t<div class=\"col-inner\"  >\n\t\t\t\n\t\t\t\n\t<div class=\"img has-hover x md-x lg-x y md-y lg-y\" id=\"image_101404068\">\n\t\t\t\t\t\t\t\t<div class=\"img-inner dark\" >\n\t\t\t<img loading=\"lazy\" decoding=\"async\" width=\"239\" height=\"150\" src=\"https:\/\/i0.wp.com\/worldofpaint.fun\/wp-content\/uploads\/2023\/07\/2023-07-13-09_45_00-Moyen-de-paiement-accepte-au-parc.png?fit=239%2C150&amp;ssl=1\" class=\"attachment-large size-large\" alt=\"\" \/>\t\t\t\t\t\t\n\t\t\t\t\t<\/div>\n\t\t\t\t\t\t\t\t\n<style>\n#image_101404068 {\n  width: 57%;\n}\n<\/style>\n\t<\/div>\n\t\n\t\t<\/div>\n\t\t\t\t\t<\/div>\n\n\t\n\n\t<div id=\"col-996359373\" class=\"col medium-4 small-12 large-4\"  >\n\t\t\t\t<div class=\"col-inner\"  >\n\t\t\t\n\t\t\t\n<div class=\"text-center\"><div class=\"is-divider divider clearfix\" style=\"max-width:10px;\"><\/div><\/div>\n\t<div class=\"img has-hover x md-x lg-x y md-y lg-y\" id=\"image_1316035807\">\n\t\t\t\t\t\t\t\t<div class=\"img-inner dark\" >\n\t\t\t<img loading=\"lazy\" decoding=\"async\" width=\"243\" height=\"137\" src=\"https:\/\/i0.wp.com\/worldofpaint.fun\/wp-content\/uploads\/2023\/07\/2023-07-13-09_45_47-Moyen-de-paiement-accepte-au-parc.png?fit=243%2C137&amp;ssl=1\" class=\"attachment-large size-large\" alt=\"\" \/>\t\t\t\t\t\t\n\t\t\t\t\t<\/div>\n\t\t\t\t\t\t\t\t\n<style>\n#image_1316035807 {\n  width: 100%;\n}\n<\/style>\n\t<\/div>\n\t\n\t\t<\/div>\n\t\t\t\t\t<\/div>\n\n\t\n<\/div>\n<h1 style=\"text-align: center;\"><strong>Moyen de paiement accept\u00e9s sur le site<\/strong><\/h1>\n<p style=\"text-align: center;\">Sur place vous pourrez payer en carte bancaire, esp\u00e8ces et ch\u00e8ques vacances ANCV.<\/p>\n<h2 style=\"text-align: center;\"><strong>Si vous payez \u00e0 l&rsquo;avance<\/strong><\/h2>\n<p style=\"text-align: center;\">Pour les mairies et collectivit\u00e9s nous avons bien s\u00fbr acc\u00e8s \u00e0 la plateforme Chorus.<\/p>\n<p style=\"text-align: center;\">Vous pouvez payer int\u00e9gralement \u00e0 l\u2019avance tout ou partie de votre prestation par virement, par carte bancaire ou PayPal sur notre site partenaire.<\/p>\n<p style=\"text-align: center;\">N\u2019h\u00e9sitez pas \u00e0 prendre contact avec nous pour toutes informations sur le moyen de mise en \u0153uvre de ces solutions.<\/p>\n<h2 style=\"text-align: center;\">\u00a0<\/h2>\n","protected":false},"excerpt":{"rendered":"<p>\u00a0 MOYEN DE PAIEMENT\u00a0 Moyen de paiement accept\u00e9s sur le site Sur place vous pourrez payer en carte bancaire, esp\u00e8ces et ch\u00e8ques vacances ANCV. Si vous payez \u00e0 l&rsquo;avance Pour les mairies et collectivit\u00e9s nous avons bien s\u00fbr acc\u00e8s \u00e0 la plateforme Chorus. Vous pouvez payer int\u00e9gralement \u00e0 l\u2019avance tout ou partie de votre prestation [&#8230;]\n","protected":false},"author":1,"featured_media":0,"parent":0,"menu_order":0,"comment_status":"closed","ping_status":"open","template":"page-blank.php","meta":{"footnotes":""},"class_list":["post-2","page","type-page","status-publish","hentry"],"yoast_head":"<!-- This site is optimized with the Yoast SEO plugin v27.4 - https:\/\/yoast.com\/product\/yoast-seo-wordpress\/ -->\n<title>Moyen de paiement - World of aventure<\/title>\n<meta name=\"robots\" content=\"index, follow, max-snippet:-1, max-image-preview:large, max-video-preview:-1\" \/>\n<link rel=\"canonical\" href=\"https:\/\/worldofpaint.fun\/index.php\/sample-page\/\" \/>\n<meta property=\"og:locale\" content=\"fr_FR\" \/>\n<meta property=\"og:type\" content=\"article\" \/>\n<meta property=\"og:title\" content=\"Moyen de paiement - World of aventure\" \/>\n<meta property=\"og:description\" content=\"\u00a0 MOYEN DE PAIEMENT\u00a0 Moyen de paiement accept\u00e9s sur le site Sur place vous pourrez payer en carte bancaire, esp\u00e8ces et ch\u00e8ques vacances ANCV. Si vous payez \u00e0 l&rsquo;avance Pour les mairies et collectivit\u00e9s nous avons bien s\u00fbr acc\u00e8s \u00e0 la plateforme Chorus. Vous pouvez payer int\u00e9gralement \u00e0 l\u2019avance tout ou partie de votre prestation [...]\" \/>\n<meta property=\"og:url\" content=\"https:\/\/worldofpaint.fun\/index.php\/sample-page\/\" \/>\n<meta property=\"og:site_name\" content=\"World of aventure\" \/>\n<meta property=\"article:publisher\" content=\"https:\/\/www.facebook.com\/profile.php?id=100089567262244\" \/>\n<meta property=\"article:modified_time\" content=\"2023-07-13T08:00:39+00:00\" \/>\n<meta name=\"twitter:card\" content=\"summary_large_image\" \/>\n<script type=\"application\/ld+json\" class=\"yoast-schema-graph\">{\"@context\":\"https:\\\/\\\/schema.org\",\"@graph\":[{\"@type\":\"WebPage\",\"@id\":\"https:\\\/\\\/worldofpaint.fun\\\/index.php\\\/sample-page\\\/\",\"url\":\"https:\\\/\\\/worldofpaint.fun\\\/index.php\\\/sample-page\\\/\",\"name\":\"Moyen de paiement - World of aventure\",\"isPartOf\":{\"@id\":\"https:\\\/\\\/worldofpaint.fun\\\/#website\"},\"datePublished\":\"2023-05-04T04:17:17+00:00\",\"dateModified\":\"2023-07-13T08:00:39+00:00\",\"breadcrumb\":{\"@id\":\"https:\\\/\\\/worldofpaint.fun\\\/index.php\\\/sample-page\\\/#breadcrumb\"},\"inLanguage\":\"fr-FR\",\"potentialAction\":[{\"@type\":\"ReadAction\",\"target\":[\"https:\\\/\\\/worldofpaint.fun\\\/index.php\\\/sample-page\\\/\"]}]},{\"@type\":\"BreadcrumbList\",\"@id\":\"https:\\\/\\\/worldofpaint.fun\\\/index.php\\\/sample-page\\\/#breadcrumb\",\"itemListElement\":[{\"@type\":\"ListItem\",\"position\":1,\"name\":\"Accueil\",\"item\":\"https:\\\/\\\/worldofpaint.fun\\\/\"},{\"@type\":\"ListItem\",\"position\":2,\"name\":\"Moyen de paiement\"}]},{\"@type\":\"WebSite\",\"@id\":\"https:\\\/\\\/worldofpaint.fun\\\/#website\",\"url\":\"https:\\\/\\\/worldofpaint.fun\\\/\",\"name\":\"World of aventure\",\"description\":\"\",\"publisher\":{\"@id\":\"https:\\\/\\\/worldofpaint.fun\\\/#organization\"},\"potentialAction\":[{\"@type\":\"SearchAction\",\"target\":{\"@type\":\"EntryPoint\",\"urlTemplate\":\"https:\\\/\\\/worldofpaint.fun\\\/?s={search_term_string}\"},\"query-input\":{\"@type\":\"PropertyValueSpecification\",\"valueRequired\":true,\"valueName\":\"search_term_string\"}}],\"inLanguage\":\"fr-FR\"},{\"@type\":\"Organization\",\"@id\":\"https:\\\/\\\/worldofpaint.fun\\\/#organization\",\"name\":\"World of paintball\",\"url\":\"https:\\\/\\\/worldofpaint.fun\\\/\",\"logo\":{\"@type\":\"ImageObject\",\"inLanguage\":\"fr-FR\",\"@id\":\"https:\\\/\\\/worldofpaint.fun\\\/#\\\/schema\\\/logo\\\/image\\\/\",\"url\":\"https:\\\/\\\/worldofpaint.fun\\\/wp-content\\\/uploads\\\/2023\\\/05\\\/logo-1679993758.png\",\"contentUrl\":\"https:\\\/\\\/worldofpaint.fun\\\/wp-content\\\/uploads\\\/2023\\\/05\\\/logo-1679993758.png\",\"width\":300,\"height\":100,\"caption\":\"World of paintball\"},\"image\":{\"@id\":\"https:\\\/\\\/worldofpaint.fun\\\/#\\\/schema\\\/logo\\\/image\\\/\"},\"sameAs\":[\"https:\\\/\\\/www.facebook.com\\\/profile.php?id=100089567262244\"]}]}<\/script>\n<!-- \/ Yoast SEO plugin. -->","yoast_head_json":{"title":"Moyen de paiement - World of aventure","robots":{"index":"index","follow":"follow","max-snippet":"max-snippet:-1","max-image-preview":"max-image-preview:large","max-video-preview":"max-video-preview:-1"},"canonical":"https:\/\/worldofpaint.fun\/index.php\/sample-page\/","og_locale":"fr_FR","og_type":"article","og_title":"Moyen de paiement - World of aventure","og_description":"\u00a0 MOYEN DE PAIEMENT\u00a0 Moyen de paiement accept\u00e9s sur le site Sur place vous pourrez payer en carte bancaire, esp\u00e8ces et ch\u00e8ques vacances ANCV. Si vous payez \u00e0 l&rsquo;avance Pour les mairies et collectivit\u00e9s nous avons bien s\u00fbr acc\u00e8s \u00e0 la plateforme Chorus. Vous pouvez payer int\u00e9gralement \u00e0 l\u2019avance tout ou partie de votre prestation [...]","og_url":"https:\/\/worldofpaint.fun\/index.php\/sample-page\/","og_site_name":"World of aventure","article_publisher":"https:\/\/www.facebook.com\/profile.php?id=100089567262244","article_modified_time":"2023-07-13T08:00:39+00:00","twitter_card":"summary_large_image","schema":{"@context":"https:\/\/schema.org","@graph":[{"@type":"WebPage","@id":"https:\/\/worldofpaint.fun\/index.php\/sample-page\/","url":"https:\/\/worldofpaint.fun\/index.php\/sample-page\/","name":"Moyen de paiement - World of aventure","isPartOf":{"@id":"https:\/\/worldofpaint.fun\/#website"},"datePublished":"2023-05-04T04:17:17+00:00","dateModified":"2023-07-13T08:00:39+00:00","breadcrumb":{"@id":"https:\/\/worldofpaint.fun\/index.php\/sample-page\/#breadcrumb"},"inLanguage":"fr-FR","potentialAction":[{"@type":"ReadAction","target":["https:\/\/worldofpaint.fun\/index.php\/sample-page\/"]}]},{"@type":"BreadcrumbList","@id":"https:\/\/worldofpaint.fun\/index.php\/sample-page\/#breadcrumb","itemListElement":[{"@type":"ListItem","position":1,"name":"Accueil","item":"https:\/\/worldofpaint.fun\/"},{"@type":"ListItem","position":2,"name":"Moyen de paiement"}]},{"@type":"WebSite","@id":"https:\/\/worldofpaint.fun\/#website","url":"https:\/\/worldofpaint.fun\/","name":"World of aventure","description":"","publisher":{"@id":"https:\/\/worldofpaint.fun\/#organization"},"potentialAction":[{"@type":"SearchAction","target":{"@type":"EntryPoint","urlTemplate":"https:\/\/worldofpaint.fun\/?s={search_term_string}"},"query-input":{"@type":"PropertyValueSpecification","valueRequired":true,"valueName":"search_term_string"}}],"inLanguage":"fr-FR"},{"@type":"Organization","@id":"https:\/\/worldofpaint.fun\/#organization","name":"World of paintball","url":"https:\/\/worldofpaint.fun\/","logo":{"@type":"ImageObject","inLanguage":"fr-FR","@id":"https:\/\/worldofpaint.fun\/#\/schema\/logo\/image\/","url":"https:\/\/worldofpaint.fun\/wp-content\/uploads\/2023\/05\/logo-1679993758.png","contentUrl":"https:\/\/worldofpaint.fun\/wp-content\/uploads\/2023\/05\/logo-1679993758.png","width":300,"height":100,"caption":"World of paintball"},"image":{"@id":"https:\/\/worldofpaint.fun\/#\/schema\/logo\/image\/"},"sameAs":["https:\/\/www.facebook.com\/profile.php?id=100089567262244"]}]}},"_links":{"self":[{"href":"https:\/\/worldofpaint.fun\/index.php\/wp-json\/wp\/v2\/pages\/2","targetHints":{"allow":["GET"]}}],"collection":[{"href":"https:\/\/worldofpaint.fun\/index.php\/wp-json\/wp\/v2\/pages"}],"about":[{"href":"https:\/\/worldofpaint.fun\/index.php\/wp-json\/wp\/v2\/types\/page"}],"author":[{"embeddable":true,"href":"https:\/\/worldofpaint.fun\/index.php\/wp-json\/wp\/v2\/users\/1"}],"replies":[{"embeddable":true,"href":"https:\/\/worldofpaint.fun\/index.php\/wp-json\/wp\/v2\/comments?post=2"}],"version-history":[{"count":5,"href":"https:\/\/worldofpaint.fun\/index.php\/wp-json\/wp\/v2\/pages\/2\/revisions"}],"predecessor-version":[{"id":902,"href":"https:\/\/worldofpaint.fun\/index.php\/wp-json\/wp\/v2\/pages\/2\/revisions\/902"}],"wp:attachment":[{"href":"https:\/\/worldofpaint.fun\/index.php\/wp-json\/wp\/v2\/media?parent=2"}],"curies":[{"name":"wp","href":"https:\/\/api.w.org\/{rel}","templated":true}]}}