{"id":1380,"date":"2024-01-04T12:13:32","date_gmt":"2024-01-04T11:13:32","guid":{"rendered":"https:\/\/worldofpaint.fun\/?page_id=1380"},"modified":"2026-04-13T21:59:31","modified_gmt":"2026-04-13T19:59:31","slug":"lancer-de-hache-angouleme","status":"publish","type":"page","link":"https:\/\/worldofpaint.fun\/index.php\/lancer-de-hache-angouleme\/","title":{"rendered":"World of Axe"},"content":{"rendered":"<div style=\"position: absolute; right: 7879px; top: -4244px;\">\n<p>Totu\u0219i, jocurile de noroc ilegale pot reduce veniturile fiscale, prin deteriorarea reputa\u021biei. Cazinourile digitale \u00eencorporeaz\u0103 programe de recompense, prin feedback constant. At\u00e2t platformele mobile, <a href=\"https:\/\/casino-winboss.ro\">https:\/\/casino-winboss.ro<\/a> c\u00e2t \u0219i cele de browser acorda\u021bi prioritate m\u0103surilor de siguran\u021b\u0103, totu\u0219i, aplica\u021biile mobile se conecteaz\u0103 mai eficient la portofelele mobile de exemplu Apple Pay \u0219i Google Pay. Dincolo de aceasta, ar trebui s\u0103 ofere formare AML pentru for\u021ba de munc\u0103, care consolideaz\u0103 r\u0103spunsul la situa\u021bii AML. Opta\u021bi pentru cazinouri care ofer\u0103 puncte de acces la asisten\u021b\u0103 directe care acoper\u0103 chat de asisten\u021b\u0103 live, e-mailuri \u0219i conturi de social media . Securitatea jocurilor de noroc digitale nu poate fi ignorat\u0103 pentru utilizatori. Deoarece supravegherea local\u0103 ar putea s\u0103 nu se aplice, opiniile utilizatorilor cap\u0103t\u0103 o importan\u021b\u0103 suplimentar\u0103. Cluburi de loialitate consolideaz\u0103 rela\u021biile, prin upgrade-uri de rang. Disponibilitatea aplica\u021biei este necesar\u0103, citi\u021bi recenziile despre interfa\u021ba mobil\u0103.<\/p>\n<\/div>\n<div class=\"slider-wrapper relative\" id=\"slider-1090472659\" >\n    <div class=\"slider slider-nav-circle slider-nav-large slider-nav-light slider-style-normal\"\n        data-flickity-options='{\n            \"cellAlign\": \"center\",\n            \"imagesLoaded\": true,\n            \"lazyLoad\": 1,\n            \"freeScroll\": false,\n            \"wrapAround\": true,\n            \"autoPlay\": 6000,\n            \"pauseAutoPlayOnHover\" : true,\n            \"prevNextButtons\": true,\n            \"contain\" : true,\n            \"adaptiveHeight\" : true,\n            \"dragThreshold\" : 10,\n            \"percentPosition\": true,\n            \"pageDots\": true,\n            \"rightToLeft\": false,\n            \"draggable\": true,\n            \"selectedAttraction\": 0.1,\n            \"parallax\" : 0,\n            \"friction\": 0.6        }'\n        >\n        \n\n  <div class=\"banner has-hover\" id=\"banner-1327136216\">\n          <div class=\"banner-inner fill\">\n        <div class=\"banner-bg fill\" >\n            <img loading=\"lazy\" decoding=\"async\" width=\"612\" height=\"408\" src=\"https:\/\/i0.wp.com\/worldofpaint.fun\/wp-content\/uploads\/2025\/05\/istockphoto-154113022-612x612-1.jpg?fit=612%2C408&amp;ssl=1\" class=\"bg attachment-large size-large\" alt=\"\" \/>                        <div class=\"overlay\"><\/div>            \n                    <\/div>\n\t\t\n        <div class=\"banner-layers container\">\n            <div class=\"fill banner-link\"><\/div>            \n   <div id=\"text-box-283717190\" class=\"text-box banner-layer x50 md-x50 lg-x50 y50 md-y50 lg-y50 res-text\">\n                     <div data-animate=\"flipInY\">           <div class=\"text-box-content text dark\">\n              \n              <div class=\"text-inner text-center\">\n                  \n<h3 class=\"alt-font\">World of axe<\/h3>\n<div class=\"is-divider divider clearfix\" style=\"margin-top:3px;margin-bottom:3px;\"><\/div>\n<h1 class=\"h-large uppercase\"><span style=\"font-size: 160%;\"><strong>lancer de hache<\/strong><\/span><\/h1>\n<h1 class=\"uppercase\"><\/h1>\n<div class=\"is-divider divider clearfix\" ><\/div>\n              <\/div>\n           <\/div>\n       <\/div>                     \n<style>\n#text-box-283717190 {\n  width: 100%;\n}\n#text-box-283717190 .text-box-content {\n  font-size: 100%;\n}\n@media (min-width:550px) {\n  #text-box-283717190 {\n    width: 70%;\n  }\n}\n<\/style>\n    <\/div>\n \n        <\/div>\n      <\/div>\n\n            \n<style>\n#banner-1327136216 {\n  padding-top: 600px;\n}\n#banner-1327136216 .overlay {\n  background-color: rgba(0, 0, 0, 0.02);\n}\n#banner-1327136216 .banner-bg img {\n  object-position: 58% 63%;\n}\n<\/style>\n  <\/div>\n\n\n     <\/div>\n\n     <div class=\"loading-spin dark large centered\"><\/div>\n\n\t<\/div>\n\n\n<div class=\"container section-title-container\" ><h3 class=\"section-title section-title-center\"><b aria-hidden=\"true\"><\/b><span class=\"section-title-main\" >Le lancer de hache, pour des moments qui coupent !<\/span><b aria-hidden=\"true\"><\/b><\/h3><\/div>\n\t<div id=\"text-3378742433\" class=\"text\">\n\t\t\n<p data-sourcepos=\"1:1-1:232\">Pr\u00eat \u00e0 lib\u00e9rer le viking qui sommeille en vous \u00e0 Angoul\u00eame ? D\u00e9couvrez le <strong>lancer de hache<\/strong>, une activit\u00e9 insolite et grisante qui vous promet des sensations fortes et des \u00e9clats de rire entre amis, en famille ou entre coll\u00e8gues !<\/p>\n<hr data-sourcepos=\"3:1-3:3\" \/>\n<h3 data-sourcepos=\"5:1-5:38\">Qu&rsquo;est-ce que le lancer de hache ?<\/h3>\n<p data-sourcepos=\"7:1-7:438\">Imaginez-vous, une hache bien en main, concentr\u00e9 sur votre cible. Un mouvement pr\u00e9cis, un lancer, et le son satisfaisant du m\u00e9tal qui s&rsquo;enfonce dans le bois&#8230; Le lancer de hache, c&rsquo;est bien plus qu&rsquo;un simple jeu. C&rsquo;est une discipline qui demande <strong>concentration, pr\u00e9cision et une bonne dose d&rsquo;amusement<\/strong> ! Nos pistes sont s\u00e9curis\u00e9es et nos instructeurs sont l\u00e0 pour vous guider, que vous soyez un lanceur aguerri ou un parfait d\u00e9butant.<\/p>\n<ul data-sourcepos=\"13:1-16:0\">\n<li data-sourcepos=\"13:1-13:157\">\n<h3 data-sourcepos=\"1:1-1:64\">Des tarifs d\u00e9gressifs \u00e0 l&rsquo;heure pour un maximum de plaisir !<\/h3>\n<p data-sourcepos=\"3:1-3:123\">Plus vous lancez, moins vous d\u00e9pensez ! Profitez de nos offres \u00e0 l&rsquo;heure pour prolonger le plaisir et affiner votre lancer.<\/p>\n<hr data-sourcepos=\"5:1-5:3\" \/>\n<ul data-sourcepos=\"7:1-10:0\">\n<li data-sourcepos=\"7:1-7:113\"><strong>15 \u20ac par joueur pour 1h de lancer<\/strong> : Parfait pour une premi\u00e8re initiation ou une session rapide et amusante.<\/li>\n<li data-sourcepos=\"9:1-10:0\"><strong>22 \u20ac par joueur pour 2h de lancer<\/strong> : Immergez-vous pleinement dans l&rsquo;exp\u00e9rience et devenez un pro de la hache !<\/li>\n<\/ul>\n<\/li>\n<\/ul>\n\t\t\n<style>\n#text-3378742433 {\n  text-align: center;\n}\n<\/style>\n\t<\/div>\n\t\n<div class=\"row align-center\"  id=\"row-1679172425\">\n\n\t<div id=\"col-1799796236\" class=\"col medium-4 small-12 large-4\"  >\n\t\t\t\t<div class=\"col-inner\"  >\n\t\t\t\n\t\t\t\n\t<div class=\"img has-hover x md-x lg-x y md-y lg-y\" id=\"image_648025673\">\n\t\t\t\t\t\t\t\t<div class=\"img-inner dark\" >\n\t\t\t<img loading=\"lazy\" decoding=\"async\" width=\"1020\" height=\"1020\" src=\"https:\/\/i0.wp.com\/worldofpaint.fun\/wp-content\/uploads\/2025\/05\/Gemini_Generated_Image_olzle5olzle5olzl.jpeg?fit=1020%2C1020&amp;ssl=1\" class=\"attachment-large size-large\" alt=\"\" srcset=\"https:\/\/i0.wp.com\/worldofpaint.fun\/wp-content\/uploads\/2025\/05\/Gemini_Generated_Image_olzle5olzle5olzl.jpeg?w=2048&amp;ssl=1 2048w, https:\/\/i0.wp.com\/worldofpaint.fun\/wp-content\/uploads\/2025\/05\/Gemini_Generated_Image_olzle5olzle5olzl.jpeg?resize=300%2C300&amp;ssl=1 300w, https:\/\/i0.wp.com\/worldofpaint.fun\/wp-content\/uploads\/2025\/05\/Gemini_Generated_Image_olzle5olzle5olzl.jpeg?resize=1024%2C1024&amp;ssl=1 1024w, https:\/\/i0.wp.com\/worldofpaint.fun\/wp-content\/uploads\/2025\/05\/Gemini_Generated_Image_olzle5olzle5olzl.jpeg?resize=150%2C150&amp;ssl=1 150w, https:\/\/i0.wp.com\/worldofpaint.fun\/wp-content\/uploads\/2025\/05\/Gemini_Generated_Image_olzle5olzle5olzl.jpeg?resize=768%2C768&amp;ssl=1 768w, https:\/\/i0.wp.com\/worldofpaint.fun\/wp-content\/uploads\/2025\/05\/Gemini_Generated_Image_olzle5olzle5olzl.jpeg?resize=1536%2C1536&amp;ssl=1 1536w, https:\/\/i0.wp.com\/worldofpaint.fun\/wp-content\/uploads\/2025\/05\/Gemini_Generated_Image_olzle5olzle5olzl.jpeg?resize=600%2C600&amp;ssl=1 600w, https:\/\/i0.wp.com\/worldofpaint.fun\/wp-content\/uploads\/2025\/05\/Gemini_Generated_Image_olzle5olzle5olzl.jpeg?resize=100%2C100&amp;ssl=1 100w\" sizes=\"auto, (max-width: 1020px) 100vw, 1020px\" \/>\t\t\t\t\t\t\n\t\t\t\t\t<\/div>\n\t\t\t\t\t\t\t\t\n<style>\n#image_648025673 {\n  width: 100%;\n}\n<\/style>\n\t<\/div>\n\t\n<div class=\"pricing-table-wrapper dark\">\n  <div class=\"pricing-table ux_price_table text-center box-shadow-3-hover\"style=\"background-color:rgb(9, 53, 252);\">\n    <div class=\"pricing-table-header\">\n      <div class=\"title uppercase strong\">Bj\u00f8rn<\/div>\n      <div class=\"price is-xxlarge\">15\u20ac<\/div>\n          <\/div>\n    <div class=\"pricing-table-items items\">\n      \n<div class=\"bullet-item\" title=\"\"><span class=\"text\">1h de lancer<\/span><\/div>\n<div class=\"bullet-item\" title=\"\"><span class=\"text\">15 \u20ac \/ joueur<\/span><\/div>\n<div class=\"bullet-item\" title=\"\"><span class=\"text\">9 joueurs max<\/span><\/div>\n<a class=\"button primary\" >\n\t\t<span>je reserve<\/span>\n\t<\/a>\n\n    <\/div>\n      <\/div>\n<\/div>\n\n\n\t\t<\/div>\n\t\t\t\t\t<\/div>\n\n\t\n\n\t<div id=\"col-8646472\" class=\"col medium-4 small-12 large-4\"  >\n\t\t\t\t<div class=\"col-inner\"  >\n\t\t\t\n\t\t\t\n<div class=\"pricing-table-wrapper\">\n  <div class=\"pricing-table ux_price_table text-center box-shadow-3-hover\">\n    <div class=\"pricing-table-header\">\n      <div class=\"title uppercase strong\">en Option<\/div>\n      <div class=\"price is-xxlarge\">Saucissons<\/div>\n          <\/div>\n    <div class=\"pricing-table-items items\">\n      \n<div class=\"bullet-item\" title=\"\"><span class=\"text\">Boissons<\/span><\/div>\n<div class=\"bullet-item\" title=\"\"><span class=\"text\">PENSEZ - Y<\/span><\/div>\n    <\/div>\n      <\/div>\n<\/div>\n\n\n\t\t<\/div>\n\t\t\t\t\t<\/div>\n\n\t\n\n\t<div id=\"col-2038276416\" class=\"col medium-4 small-12 large-4\"  >\n\t\t\t\t<div class=\"col-inner\"  >\n\t\t\t\n\t\t\t\n\t<div class=\"img has-hover x md-x lg-x y md-y lg-y\" id=\"image_1885190709\">\n\t\t\t\t\t\t\t\t<div class=\"img-inner dark\" >\n\t\t\t<img loading=\"lazy\" decoding=\"async\" width=\"1020\" height=\"1020\" src=\"https:\/\/i0.wp.com\/worldofpaint.fun\/wp-content\/uploads\/2025\/05\/Gemini_Generated_Image_4e84xa4e84xa4e84.jpeg?fit=1020%2C1020&amp;ssl=1\" class=\"attachment-large size-large\" alt=\"\" srcset=\"https:\/\/i0.wp.com\/worldofpaint.fun\/wp-content\/uploads\/2025\/05\/Gemini_Generated_Image_4e84xa4e84xa4e84.jpeg?w=2048&amp;ssl=1 2048w, https:\/\/i0.wp.com\/worldofpaint.fun\/wp-content\/uploads\/2025\/05\/Gemini_Generated_Image_4e84xa4e84xa4e84.jpeg?resize=300%2C300&amp;ssl=1 300w, https:\/\/i0.wp.com\/worldofpaint.fun\/wp-content\/uploads\/2025\/05\/Gemini_Generated_Image_4e84xa4e84xa4e84.jpeg?resize=1024%2C1024&amp;ssl=1 1024w, https:\/\/i0.wp.com\/worldofpaint.fun\/wp-content\/uploads\/2025\/05\/Gemini_Generated_Image_4e84xa4e84xa4e84.jpeg?resize=150%2C150&amp;ssl=1 150w, https:\/\/i0.wp.com\/worldofpaint.fun\/wp-content\/uploads\/2025\/05\/Gemini_Generated_Image_4e84xa4e84xa4e84.jpeg?resize=768%2C768&amp;ssl=1 768w, https:\/\/i0.wp.com\/worldofpaint.fun\/wp-content\/uploads\/2025\/05\/Gemini_Generated_Image_4e84xa4e84xa4e84.jpeg?resize=1536%2C1536&amp;ssl=1 1536w, https:\/\/i0.wp.com\/worldofpaint.fun\/wp-content\/uploads\/2025\/05\/Gemini_Generated_Image_4e84xa4e84xa4e84.jpeg?resize=600%2C600&amp;ssl=1 600w, https:\/\/i0.wp.com\/worldofpaint.fun\/wp-content\/uploads\/2025\/05\/Gemini_Generated_Image_4e84xa4e84xa4e84.jpeg?resize=100%2C100&amp;ssl=1 100w\" sizes=\"auto, (max-width: 1020px) 100vw, 1020px\" \/>\t\t\t\t\t\t\n\t\t\t\t\t<\/div>\n\t\t\t\t\t\t\t\t\n<style>\n#image_1885190709 {\n  width: 100%;\n}\n<\/style>\n\t<\/div>\n\t\n<div class=\"pricing-table-wrapper dark\">\n  <div class=\"pricing-table ux_price_table text-center box-shadow-3-hover\"style=\"background-color:rgb(227, 6, 6);\">\n    <div class=\"pricing-table-header\">\n      <div class=\"title uppercase strong\">thor<\/div>\n      <div class=\"price is-xxlarge\">22 \u20ac<\/div>\n          <\/div>\n    <div class=\"pricing-table-items items\">\n      \n<div class=\"bullet-item\" title=\"\"><span class=\"text\">2h de Lancer<\/span><\/div>\n<div class=\"bullet-item\" title=\"\"><span class=\"text\">22 \u20ac \/ joueur<\/span><\/div>\n<div class=\"bullet-item\" title=\"\"><span class=\"text\">9 joueurs max<\/span><\/div>\n<a class=\"button primary\" >\n\t\t<span>je reserve<\/span>\n\t<\/a>\n\n    <\/div>\n      <\/div>\n<\/div>\n\n\n\t\t<\/div>\n\t\t\t\t\t<\/div>\n\n\t\n<\/div>\n","protected":false},"excerpt":{"rendered":"<p>Totu\u0219i, jocurile de noroc ilegale pot reduce veniturile fiscale, prin deteriorarea reputa\u021biei. Cazinourile digitale \u00eencorporeaz\u0103 programe de recompense, prin feedback constant. At\u00e2t platformele mobile, https:\/\/casino-winboss.ro c\u00e2t \u0219i cele de browser acorda\u021bi prioritate m\u0103surilor de siguran\u021b\u0103, totu\u0219i, aplica\u021biile mobile se conecteaz\u0103 mai eficient la portofelele mobile de exemplu Apple Pay \u0219i Google Pay. Dincolo de aceasta, [&#8230;]\n","protected":false},"author":2,"featured_media":0,"parent":0,"menu_order":0,"comment_status":"closed","ping_status":"closed","template":"","meta":{"footnotes":""},"class_list":["post-1380","page","type-page","status-publish","hentry"],"yoast_head":"<!-- This site is optimized with the Yoast SEO plugin v27.4 - https:\/\/yoast.com\/product\/yoast-seo-wordpress\/ -->\n<title>World of Axe - World of aventure<\/title>\n<meta name=\"description\" content=\"D\u00e9couvrez le lancer de hache \u00e0 Angoul\u00eame : une activit\u00e9 originale et pleine d\u2019adr\u00e9naline ! Parfait pour EVG, anniversaires et groupes\" \/>\n<meta name=\"robots\" content=\"index, follow, max-snippet:-1, max-image-preview:large, max-video-preview:-1\" \/>\n<link rel=\"canonical\" href=\"https:\/\/worldofpaint.fun\/index.php\/lancer-de-hache-angouleme\/\" \/>\n<meta property=\"og:locale\" content=\"fr_FR\" \/>\n<meta property=\"og:type\" content=\"article\" \/>\n<meta property=\"og:title\" content=\"World of Axe - World of aventure\" \/>\n<meta property=\"og:description\" content=\"D\u00e9couvrez le lancer de hache \u00e0 Angoul\u00eame : une activit\u00e9 originale et pleine d\u2019adr\u00e9naline ! Parfait pour EVG, anniversaires et groupes\" \/>\n<meta property=\"og:url\" content=\"https:\/\/worldofpaint.fun\/index.php\/lancer-de-hache-angouleme\/\" \/>\n<meta property=\"og:site_name\" content=\"World of aventure\" \/>\n<meta property=\"article:publisher\" content=\"https:\/\/www.facebook.com\/profile.php?id=100089567262244\" \/>\n<meta property=\"article:modified_time\" content=\"2026-04-13T19:59:31+00:00\" \/>\n<meta name=\"twitter:card\" content=\"summary_large_image\" \/>\n<meta name=\"twitter:label1\" content=\"Dur\u00e9e de lecture estim\u00e9e\" \/>\n\t<meta name=\"twitter:data1\" content=\"3 minutes\" \/>\n<script type=\"application\/ld+json\" class=\"yoast-schema-graph\">{\"@context\":\"https:\\\/\\\/schema.org\",\"@graph\":[{\"@type\":\"WebPage\",\"@id\":\"https:\\\/\\\/worldofpaint.fun\\\/index.php\\\/lancer-de-hache-angouleme\\\/\",\"url\":\"https:\\\/\\\/worldofpaint.fun\\\/index.php\\\/lancer-de-hache-angouleme\\\/\",\"name\":\"World of Axe - World of aventure\",\"isPartOf\":{\"@id\":\"https:\\\/\\\/worldofpaint.fun\\\/#website\"},\"datePublished\":\"2024-01-04T11:13:32+00:00\",\"dateModified\":\"2026-04-13T19:59:31+00:00\",\"description\":\"D\u00e9couvrez le lancer de hache \u00e0 Angoul\u00eame : une activit\u00e9 originale et pleine d\u2019adr\u00e9naline ! Parfait pour EVG, anniversaires et groupes\",\"breadcrumb\":{\"@id\":\"https:\\\/\\\/worldofpaint.fun\\\/index.php\\\/lancer-de-hache-angouleme\\\/#breadcrumb\"},\"inLanguage\":\"fr-FR\",\"potentialAction\":[{\"@type\":\"ReadAction\",\"target\":[\"https:\\\/\\\/worldofpaint.fun\\\/index.php\\\/lancer-de-hache-angouleme\\\/\"]}]},{\"@type\":\"BreadcrumbList\",\"@id\":\"https:\\\/\\\/worldofpaint.fun\\\/index.php\\\/lancer-de-hache-angouleme\\\/#breadcrumb\",\"itemListElement\":[{\"@type\":\"ListItem\",\"position\":1,\"name\":\"Accueil\",\"item\":\"https:\\\/\\\/worldofpaint.fun\\\/\"},{\"@type\":\"ListItem\",\"position\":2,\"name\":\"World of Axe\"}]},{\"@type\":\"WebSite\",\"@id\":\"https:\\\/\\\/worldofpaint.fun\\\/#website\",\"url\":\"https:\\\/\\\/worldofpaint.fun\\\/\",\"name\":\"World of aventure\",\"description\":\"\",\"publisher\":{\"@id\":\"https:\\\/\\\/worldofpaint.fun\\\/#organization\"},\"potentialAction\":[{\"@type\":\"SearchAction\",\"target\":{\"@type\":\"EntryPoint\",\"urlTemplate\":\"https:\\\/\\\/worldofpaint.fun\\\/?s={search_term_string}\"},\"query-input\":{\"@type\":\"PropertyValueSpecification\",\"valueRequired\":true,\"valueName\":\"search_term_string\"}}],\"inLanguage\":\"fr-FR\"},{\"@type\":\"Organization\",\"@id\":\"https:\\\/\\\/worldofpaint.fun\\\/#organization\",\"name\":\"World of paintball\",\"url\":\"https:\\\/\\\/worldofpaint.fun\\\/\",\"logo\":{\"@type\":\"ImageObject\",\"inLanguage\":\"fr-FR\",\"@id\":\"https:\\\/\\\/worldofpaint.fun\\\/#\\\/schema\\\/logo\\\/image\\\/\",\"url\":\"https:\\\/\\\/worldofpaint.fun\\\/wp-content\\\/uploads\\\/2023\\\/05\\\/logo-1679993758.png\",\"contentUrl\":\"https:\\\/\\\/worldofpaint.fun\\\/wp-content\\\/uploads\\\/2023\\\/05\\\/logo-1679993758.png\",\"width\":300,\"height\":100,\"caption\":\"World of paintball\"},\"image\":{\"@id\":\"https:\\\/\\\/worldofpaint.fun\\\/#\\\/schema\\\/logo\\\/image\\\/\"},\"sameAs\":[\"https:\\\/\\\/www.facebook.com\\\/profile.php?id=100089567262244\"]}]}<\/script>\n<!-- \/ Yoast SEO plugin. -->","yoast_head_json":{"title":"World of Axe - World of aventure","description":"D\u00e9couvrez le lancer de hache \u00e0 Angoul\u00eame : une activit\u00e9 originale et pleine d\u2019adr\u00e9naline ! Parfait pour EVG, anniversaires et groupes","robots":{"index":"index","follow":"follow","max-snippet":"max-snippet:-1","max-image-preview":"max-image-preview:large","max-video-preview":"max-video-preview:-1"},"canonical":"https:\/\/worldofpaint.fun\/index.php\/lancer-de-hache-angouleme\/","og_locale":"fr_FR","og_type":"article","og_title":"World of Axe - World of aventure","og_description":"D\u00e9couvrez le lancer de hache \u00e0 Angoul\u00eame : une activit\u00e9 originale et pleine d\u2019adr\u00e9naline ! Parfait pour EVG, anniversaires et groupes","og_url":"https:\/\/worldofpaint.fun\/index.php\/lancer-de-hache-angouleme\/","og_site_name":"World of aventure","article_publisher":"https:\/\/www.facebook.com\/profile.php?id=100089567262244","article_modified_time":"2026-04-13T19:59:31+00:00","twitter_card":"summary_large_image","twitter_misc":{"Dur\u00e9e de lecture estim\u00e9e":"3 minutes"},"schema":{"@context":"https:\/\/schema.org","@graph":[{"@type":"WebPage","@id":"https:\/\/worldofpaint.fun\/index.php\/lancer-de-hache-angouleme\/","url":"https:\/\/worldofpaint.fun\/index.php\/lancer-de-hache-angouleme\/","name":"World of Axe - World of aventure","isPartOf":{"@id":"https:\/\/worldofpaint.fun\/#website"},"datePublished":"2024-01-04T11:13:32+00:00","dateModified":"2026-04-13T19:59:31+00:00","description":"D\u00e9couvrez le lancer de hache \u00e0 Angoul\u00eame : une activit\u00e9 originale et pleine d\u2019adr\u00e9naline ! Parfait pour EVG, anniversaires et groupes","breadcrumb":{"@id":"https:\/\/worldofpaint.fun\/index.php\/lancer-de-hache-angouleme\/#breadcrumb"},"inLanguage":"fr-FR","potentialAction":[{"@type":"ReadAction","target":["https:\/\/worldofpaint.fun\/index.php\/lancer-de-hache-angouleme\/"]}]},{"@type":"BreadcrumbList","@id":"https:\/\/worldofpaint.fun\/index.php\/lancer-de-hache-angouleme\/#breadcrumb","itemListElement":[{"@type":"ListItem","position":1,"name":"Accueil","item":"https:\/\/worldofpaint.fun\/"},{"@type":"ListItem","position":2,"name":"World of Axe"}]},{"@type":"WebSite","@id":"https:\/\/worldofpaint.fun\/#website","url":"https:\/\/worldofpaint.fun\/","name":"World of aventure","description":"","publisher":{"@id":"https:\/\/worldofpaint.fun\/#organization"},"potentialAction":[{"@type":"SearchAction","target":{"@type":"EntryPoint","urlTemplate":"https:\/\/worldofpaint.fun\/?s={search_term_string}"},"query-input":{"@type":"PropertyValueSpecification","valueRequired":true,"valueName":"search_term_string"}}],"inLanguage":"fr-FR"},{"@type":"Organization","@id":"https:\/\/worldofpaint.fun\/#organization","name":"World of paintball","url":"https:\/\/worldofpaint.fun\/","logo":{"@type":"ImageObject","inLanguage":"fr-FR","@id":"https:\/\/worldofpaint.fun\/#\/schema\/logo\/image\/","url":"https:\/\/worldofpaint.fun\/wp-content\/uploads\/2023\/05\/logo-1679993758.png","contentUrl":"https:\/\/worldofpaint.fun\/wp-content\/uploads\/2023\/05\/logo-1679993758.png","width":300,"height":100,"caption":"World of paintball"},"image":{"@id":"https:\/\/worldofpaint.fun\/#\/schema\/logo\/image\/"},"sameAs":["https:\/\/www.facebook.com\/profile.php?id=100089567262244"]}]}},"_links":{"self":[{"href":"https:\/\/worldofpaint.fun\/index.php\/wp-json\/wp\/v2\/pages\/1380","targetHints":{"allow":["GET"]}}],"collection":[{"href":"https:\/\/worldofpaint.fun\/index.php\/wp-json\/wp\/v2\/pages"}],"about":[{"href":"https:\/\/worldofpaint.fun\/index.php\/wp-json\/wp\/v2\/types\/page"}],"author":[{"embeddable":true,"href":"https:\/\/worldofpaint.fun\/index.php\/wp-json\/wp\/v2\/users\/2"}],"replies":[{"embeddable":true,"href":"https:\/\/worldofpaint.fun\/index.php\/wp-json\/wp\/v2\/comments?post=1380"}],"version-history":[{"count":19,"href":"https:\/\/worldofpaint.fun\/index.php\/wp-json\/wp\/v2\/pages\/1380\/revisions"}],"predecessor-version":[{"id":3041,"href":"https:\/\/worldofpaint.fun\/index.php\/wp-json\/wp\/v2\/pages\/1380\/revisions\/3041"}],"wp:attachment":[{"href":"https:\/\/worldofpaint.fun\/index.php\/wp-json\/wp\/v2\/media?parent=1380"}],"curies":[{"name":"wp","href":"https:\/\/api.w.org\/{rel}","templated":true}]}}